{"id":9968,"date":"2022-02-22T16:44:45","date_gmt":"2022-02-22T19:44:45","guid":{"rendered":"https:\/\/plastikma.com.br\/?post_type=product&#038;p=9968"},"modified":"2022-02-22T16:44:46","modified_gmt":"2022-02-22T19:44:46","slug":"cloro-multiuso-5","status":"publish","type":"product","link":"https:\/\/plastikma.com.br\/?product=cloro-multiuso-5","title":{"rendered":"Cloro Multiuso 5%"},"content":{"rendered":"","protected":false},"excerpt":{"rendered":"<ul>\n<li aria-level=\"1\"><b>5L<\/b><\/li>\n<\/ul>\n<ul>\n<li aria-level=\"1\"><b>Start Qu\u00edmica<\/b><\/li>\n<\/ul>\n<ul>\n<li aria-level=\"1\"><b>Indicado para desinfec\u00e7\u00e3o de superf\u00edcies, limpeza e alvejamento de roupas<\/b><\/li>\n<\/ul>\n<p>&nbsp;<\/p>\n","protected":false},"featured_media":9969,"template":"","meta":[],"product_cat":[245],"product_tag":[],"class_list":{"0":"post-9968","1":"product","2":"type-product","3":"status-publish","4":"has-post-thumbnail","6":"product_cat-cloro-multiuso","9":"instock","10":"shipping-taxable","11":"purchasable","12":"product-type-simple"},"_links":{"self":[{"href":"https:\/\/plastikma.com.br\/index.php?rest_route=\/wp\/v2\/product\/9968","targetHints":{"allow":["GET"]}}],"collection":[{"href":"https:\/\/plastikma.com.br\/index.php?rest_route=\/wp\/v2\/product"}],"about":[{"href":"https:\/\/plastikma.com.br\/index.php?rest_route=\/wp\/v2\/types\/product"}],"wp:featuredmedia":[{"embeddable":true,"href":"https:\/\/plastikma.com.br\/index.php?rest_route=\/wp\/v2\/media\/9969"}],"wp:attachment":[{"href":"https:\/\/plastikma.com.br\/index.php?rest_route=%2Fwp%2Fv2%2Fmedia&parent=9968"}],"wp:term":[{"taxonomy":"product_cat","embeddable":true,"href":"https:\/\/plastikma.com.br\/index.php?rest_route=%2Fwp%2Fv2%2Fproduct_cat&post=9968"},{"taxonomy":"product_tag","embeddable":true,"href":"https:\/\/plastikma.com.br\/index.php?rest_route=%2Fwp%2Fv2%2Fproduct_tag&post=9968"}],"curies":[{"name":"wp","href":"https:\/\/api.w.org\/{rel}","templated":true}]}}