{"id":9891,"date":"2022-02-22T12:57:59","date_gmt":"2022-02-22T15:57:59","guid":{"rendered":"https:\/\/plastikma.com.br\/?post_type=product&#038;p=9891"},"modified":"2022-02-22T13:00:48","modified_gmt":"2022-02-22T16:00:48","slug":"desinfetante-frescor-de-pinho-concentrado","status":"publish","type":"product","link":"https:\/\/plastikma.com.br\/?product=desinfetante-frescor-de-pinho-concentrado","title":{"rendered":"Desinfetante Frescor de Pinho (concentrado)"},"content":{"rendered":"<p>Os Deoline Desinfetantes para Uso Geral com a\u00e7\u00e3o bactericida s\u00e3os indicado para limpeza de pisos, banheiros, vasos sanit\u00e1rios, ralos, pias e lavat\u00f3rios. Podem ser utilizados em qualquer ambiente, como escolas, hot\u00e9is, ind\u00fastrias, shoppings, resid\u00eancias, etc. Possuem fragr\u00e2ncias que aromatizam o ambiente.<br \/>\n\u2022 Limpa, desinfeta e perfuma.<br \/>\n\u2022 Elimina 99,9% das bact\u00e9rias <em>Staphylococcu aureus e Salmonella choleraesuis.*<\/em><br \/>\n*Efic\u00e1cia comprovada em testes laboratoriais.<\/p>\n","protected":false},"excerpt":{"rendered":"<ul>\n<li aria-level=\"1\"><b>5L<\/b><\/li>\n<\/ul>\n<ul>\n<li aria-level=\"1\"><b>D\u2019line<\/b><\/li>\n<\/ul>\n<ul>\n<li aria-level=\"1\"><b>Premisse<\/b><\/li>\n<\/ul>\n<p>&nbsp;<\/p>\n","protected":false},"featured_media":9894,"template":"","meta":[],"product_cat":[237],"product_tag":[],"class_list":{"0":"post-9891","1":"product","2":"type-product","3":"status-publish","4":"has-post-thumbnail","6":"product_cat-desinfetantes","9":"instock","10":"shipping-taxable","11":"purchasable","12":"product-type-simple"},"_links":{"self":[{"href":"https:\/\/plastikma.com.br\/index.php?rest_route=\/wp\/v2\/product\/9891","targetHints":{"allow":["GET"]}}],"collection":[{"href":"https:\/\/plastikma.com.br\/index.php?rest_route=\/wp\/v2\/product"}],"about":[{"href":"https:\/\/plastikma.com.br\/index.php?rest_route=\/wp\/v2\/types\/product"}],"wp:featuredmedia":[{"embeddable":true,"href":"https:\/\/plastikma.com.br\/index.php?rest_route=\/wp\/v2\/media\/9894"}],"wp:attachment":[{"href":"https:\/\/plastikma.com.br\/index.php?rest_route=%2Fwp%2Fv2%2Fmedia&parent=9891"}],"wp:term":[{"taxonomy":"product_cat","embeddable":true,"href":"https:\/\/plastikma.com.br\/index.php?rest_route=%2Fwp%2Fv2%2Fproduct_cat&post=9891"},{"taxonomy":"product_tag","embeddable":true,"href":"https:\/\/plastikma.com.br\/index.php?rest_route=%2Fwp%2Fv2%2Fproduct_tag&post=9891"}],"curies":[{"name":"wp","href":"https:\/\/api.w.org\/{rel}","templated":true}]}}