{"id":9795,"date":"2022-02-22T10:42:16","date_gmt":"2022-02-22T13:42:16","guid":{"rendered":"https:\/\/plastikma.com.br\/?post_type=product&#038;p=9795"},"modified":"2022-02-22T10:42:16","modified_gmt":"2022-02-22T13:42:16","slug":"lava-loucas-spa-soft","status":"publish","type":"product","link":"https:\/\/plastikma.com.br\/?product=lava-loucas-spa-soft","title":{"rendered":"Lava Lou\u00e7as Spa Soft"},"content":{"rendered":"","protected":false},"excerpt":{"rendered":"<ul>\n<li aria-level=\"1\"><b>1L<\/b><\/li>\n<\/ul>\n<ul>\n<li aria-level=\"1\"><b>Start Qu\u00edmica<\/b><\/li>\n<\/ul>\n<p><b><\/b><b>Dispon\u00edvel em: <\/b><span style=\"font-weight: 400;\"> <\/span><b>clear, lim\u00e3o, ma\u00e7\u00e3, coco, e neutro<\/b><\/p>\n","protected":false},"featured_media":9797,"template":"","meta":[],"product_cat":[228],"product_tag":[],"class_list":{"0":"post-9795","1":"product","2":"type-product","3":"status-publish","4":"has-post-thumbnail","6":"product_cat-detergente","9":"instock","10":"shipping-taxable","11":"purchasable","12":"product-type-simple"},"_links":{"self":[{"href":"https:\/\/plastikma.com.br\/index.php?rest_route=\/wp\/v2\/product\/9795","targetHints":{"allow":["GET"]}}],"collection":[{"href":"https:\/\/plastikma.com.br\/index.php?rest_route=\/wp\/v2\/product"}],"about":[{"href":"https:\/\/plastikma.com.br\/index.php?rest_route=\/wp\/v2\/types\/product"}],"wp:featuredmedia":[{"embeddable":true,"href":"https:\/\/plastikma.com.br\/index.php?rest_route=\/wp\/v2\/media\/9797"}],"wp:attachment":[{"href":"https:\/\/plastikma.com.br\/index.php?rest_route=%2Fwp%2Fv2%2Fmedia&parent=9795"}],"wp:term":[{"taxonomy":"product_cat","embeddable":true,"href":"https:\/\/plastikma.com.br\/index.php?rest_route=%2Fwp%2Fv2%2Fproduct_cat&post=9795"},{"taxonomy":"product_tag","embeddable":true,"href":"https:\/\/plastikma.com.br\/index.php?rest_route=%2Fwp%2Fv2%2Fproduct_tag&post=9795"}],"curies":[{"name":"wp","href":"https:\/\/api.w.org\/{rel}","templated":true}]}}