{"id":9792,"date":"2022-02-22T10:39:41","date_gmt":"2022-02-22T13:39:41","guid":{"rendered":"https:\/\/plastikma.com.br\/?post_type=product&#038;p=9792"},"modified":"2022-02-22T10:39:42","modified_gmt":"2022-02-22T13:39:42","slug":"detergente-lava-loucas-limpol","status":"publish","type":"product","link":"https:\/\/plastikma.com.br\/?product=detergente-lava-loucas-limpol","title":{"rendered":"Detergente Lava Lou\u00e7as Limpol"},"content":{"rendered":"","protected":false},"excerpt":{"rendered":"<ul>\n<li aria-level=\"1\"><b>500ml<\/b><\/li>\n<\/ul>\n<ul>\n<li aria-level=\"1\"><b>Bombril<\/b><\/li>\n<\/ul>\n<ul>\n<li aria-level=\"1\"><b>Dispon\u00edvel em: neutro, coco, cristal, lim\u00e3o, ma\u00e7\u00e3, jabuticaba e lavanda.<\/b><\/li>\n<\/ul>\n<p>&nbsp;<\/p>\n","protected":false},"featured_media":9793,"template":"","meta":[],"product_cat":[228],"product_tag":[],"class_list":{"0":"post-9792","1":"product","2":"type-product","3":"status-publish","4":"has-post-thumbnail","6":"product_cat-detergente","9":"instock","10":"shipping-taxable","11":"purchasable","12":"product-type-simple"},"_links":{"self":[{"href":"https:\/\/plastikma.com.br\/index.php?rest_route=\/wp\/v2\/product\/9792","targetHints":{"allow":["GET"]}}],"collection":[{"href":"https:\/\/plastikma.com.br\/index.php?rest_route=\/wp\/v2\/product"}],"about":[{"href":"https:\/\/plastikma.com.br\/index.php?rest_route=\/wp\/v2\/types\/product"}],"wp:featuredmedia":[{"embeddable":true,"href":"https:\/\/plastikma.com.br\/index.php?rest_route=\/wp\/v2\/media\/9793"}],"wp:attachment":[{"href":"https:\/\/plastikma.com.br\/index.php?rest_route=%2Fwp%2Fv2%2Fmedia&parent=9792"}],"wp:term":[{"taxonomy":"product_cat","embeddable":true,"href":"https:\/\/plastikma.com.br\/index.php?rest_route=%2Fwp%2Fv2%2Fproduct_cat&post=9792"},{"taxonomy":"product_tag","embeddable":true,"href":"https:\/\/plastikma.com.br\/index.php?rest_route=%2Fwp%2Fv2%2Fproduct_tag&post=9792"}],"curies":[{"name":"wp","href":"https:\/\/api.w.org\/{rel}","templated":true}]}}