{"id":9639,"date":"2022-02-21T19:41:28","date_gmt":"2022-02-21T22:41:28","guid":{"rendered":"https:\/\/plastikma.com.br\/?post_type=product&#038;p=9639"},"modified":"2022-02-21T19:41:28","modified_gmt":"2022-02-21T22:41:28","slug":"limpa-vidros-detergente-azulim","status":"publish","type":"product","link":"https:\/\/plastikma.com.br\/?product=limpa-vidros-detergente-azulim","title":{"rendered":"Limpa Vidros Detergente Azulim"},"content":{"rendered":"<p><span style=\"font-family: Arial;\"><b>Limpa vidros Azulim <\/b>foi especialmente elaborado para remover manchas de vidros, f\u00f3rmicas, espelhos e superf\u00edcies imperme\u00e1veis.<br \/>\n<\/span><\/p>\n<div><span style=\"font-family: Arial;\"> <\/span><\/div>\n<div><b>Vantagens e benef\u00edcios:<\/b><\/div>\n<div><b>&#8211; Com silicone;<\/b><\/div>\n<p><span style=\"font-family: Arial;\">&#8211; Possui f\u00f3rmula balanceada e eficiente proporciona limpeza, prote\u00e7\u00e3o e conserva\u00e7\u00e3o;<br \/>\n&#8211; Indicado na limpeza de diversas superf\u00edcies: janelas, vitrais, portas, arm\u00e1rios, mesas, boxes de banheiro, vitrines, espelhos e p\u00e1ra-brisas de ve\u00edculos;<br \/>\n&#8211; Desengordura e limpa qualquer superf\u00edcie lav\u00e1vel;<br \/>\n&#8211; N\u00e3o h\u00e1 forma\u00e7\u00e3o de espuma;<br \/>\n&#8211; N\u00e3o inflam\u00e1vel;<br \/>\n&#8211; Produto biodegrad\u00e1vel.<\/span><\/p>\n","protected":false},"excerpt":{"rendered":"<ul>\n<li aria-level=\"1\"><b>5L\/ 5,2kg<\/b><\/li>\n<\/ul>\n<ul>\n<li aria-level=\"1\"><b>Start Qu\u00edmica<\/b><\/li>\n<\/ul>\n<p>&nbsp;<\/p>\n","protected":false},"featured_media":9642,"template":"","meta":[],"product_cat":[215],"product_tag":[],"class_list":{"0":"post-9639","1":"product","2":"type-product","3":"status-publish","4":"has-post-thumbnail","6":"product_cat-limpa-vidro","9":"instock","10":"shipping-taxable","11":"purchasable","12":"product-type-simple"},"_links":{"self":[{"href":"https:\/\/plastikma.com.br\/index.php?rest_route=\/wp\/v2\/product\/9639","targetHints":{"allow":["GET"]}}],"collection":[{"href":"https:\/\/plastikma.com.br\/index.php?rest_route=\/wp\/v2\/product"}],"about":[{"href":"https:\/\/plastikma.com.br\/index.php?rest_route=\/wp\/v2\/types\/product"}],"wp:featuredmedia":[{"embeddable":true,"href":"https:\/\/plastikma.com.br\/index.php?rest_route=\/wp\/v2\/media\/9642"}],"wp:attachment":[{"href":"https:\/\/plastikma.com.br\/index.php?rest_route=%2Fwp%2Fv2%2Fmedia&parent=9639"}],"wp:term":[{"taxonomy":"product_cat","embeddable":true,"href":"https:\/\/plastikma.com.br\/index.php?rest_route=%2Fwp%2Fv2%2Fproduct_cat&post=9639"},{"taxonomy":"product_tag","embeddable":true,"href":"https:\/\/plastikma.com.br\/index.php?rest_route=%2Fwp%2Fv2%2Fproduct_tag&post=9639"}],"curies":[{"name":"wp","href":"https:\/\/api.w.org\/{rel}","templated":true}]}}