{"id":9615,"date":"2022-02-21T19:18:20","date_gmt":"2022-02-21T22:18:20","guid":{"rendered":"https:\/\/plastikma.com.br\/?post_type=product&#038;p=9615"},"modified":"2022-02-21T19:18:57","modified_gmt":"2022-02-21T22:18:57","slug":"gotas-perfumadas-dline","status":"publish","type":"product","link":"https:\/\/plastikma.com.br\/?product=gotas-perfumadas-dline","title":{"rendered":"Gotas Perfumadas D\u2019Line"},"content":{"rendered":"","protected":false},"excerpt":{"rendered":"<ul>\n<li aria-level=\"1\"><b>140ml<\/b><\/li>\n<\/ul>\n<ul>\n<li aria-level=\"1\"><b>Deoline<\/b><\/li>\n<\/ul>\n<ul>\n<li aria-level=\"1\"><b>Premisse<\/b><\/li>\n<\/ul>\n<ul>\n<li aria-level=\"1\"><b>Dispon\u00edveis em cinco fragr\u00e2ncias: Frescor de Pinho, Sensa\u00e7\u00f5es, Citronela, Brisa do Mar e Jardim Tropical.<\/b><\/li>\n<\/ul>\n<p>&nbsp;<\/p>\n","protected":false},"featured_media":9618,"template":"","meta":[],"product_cat":[211],"product_tag":[],"class_list":{"0":"post-9615","1":"product","2":"type-product","3":"status-publish","4":"has-post-thumbnail","6":"product_cat-essencias-concentradas","9":"instock","10":"shipping-taxable","11":"purchasable","12":"product-type-simple"},"_links":{"self":[{"href":"https:\/\/plastikma.com.br\/index.php?rest_route=\/wp\/v2\/product\/9615","targetHints":{"allow":["GET"]}}],"collection":[{"href":"https:\/\/plastikma.com.br\/index.php?rest_route=\/wp\/v2\/product"}],"about":[{"href":"https:\/\/plastikma.com.br\/index.php?rest_route=\/wp\/v2\/types\/product"}],"wp:featuredmedia":[{"embeddable":true,"href":"https:\/\/plastikma.com.br\/index.php?rest_route=\/wp\/v2\/media\/9618"}],"wp:attachment":[{"href":"https:\/\/plastikma.com.br\/index.php?rest_route=%2Fwp%2Fv2%2Fmedia&parent=9615"}],"wp:term":[{"taxonomy":"product_cat","embeddable":true,"href":"https:\/\/plastikma.com.br\/index.php?rest_route=%2Fwp%2Fv2%2Fproduct_cat&post=9615"},{"taxonomy":"product_tag","embeddable":true,"href":"https:\/\/plastikma.com.br\/index.php?rest_route=%2Fwp%2Fv2%2Fproduct_tag&post=9615"}],"curies":[{"name":"wp","href":"https:\/\/api.w.org\/{rel}","templated":true}]}}