{"id":9602,"date":"2022-02-21T18:43:25","date_gmt":"2022-02-21T21:43:25","guid":{"rendered":"https:\/\/plastikma.com.br\/?post_type=product&#038;p=9602"},"modified":"2022-02-21T18:46:25","modified_gmt":"2022-02-21T21:46:25","slug":"difusor-de-ambiente-odorizante","status":"publish","type":"product","link":"https:\/\/plastikma.com.br\/?product=difusor-de-ambiente-odorizante","title":{"rendered":"Difusor de Ambiente Odorizante"},"content":{"rendered":"","protected":false},"excerpt":{"rendered":"<ul>\n<li aria-level=\"1\"><b>100ml<\/b><\/li>\n<\/ul>\n<ul>\n<li aria-level=\"1\"><b>Aromasil<\/b><\/li>\n<\/ul>\n<ul>\n<li aria-level=\"1\"><b>Dispon\u00edvel em: Lavanda, L\u00e1dano, Green Leaves, Madeira Nobre, Fleur Blanche, P\u00e9talas encantadas, Limoene e Verbena, Top\u00e1zio Imperial<\/b><\/li>\n<\/ul>\n<p>&nbsp;<\/p>\n","protected":false},"featured_media":9596,"template":"","meta":[],"product_cat":[209],"product_tag":[],"class_list":{"0":"post-9602","1":"product","2":"type-product","3":"status-publish","4":"has-post-thumbnail","6":"product_cat-difusor-de-aromas","9":"instock","10":"shipping-taxable","11":"purchasable","12":"product-type-simple"},"_links":{"self":[{"href":"https:\/\/plastikma.com.br\/index.php?rest_route=\/wp\/v2\/product\/9602","targetHints":{"allow":["GET"]}}],"collection":[{"href":"https:\/\/plastikma.com.br\/index.php?rest_route=\/wp\/v2\/product"}],"about":[{"href":"https:\/\/plastikma.com.br\/index.php?rest_route=\/wp\/v2\/types\/product"}],"wp:featuredmedia":[{"embeddable":true,"href":"https:\/\/plastikma.com.br\/index.php?rest_route=\/wp\/v2\/media\/9596"}],"wp:attachment":[{"href":"https:\/\/plastikma.com.br\/index.php?rest_route=%2Fwp%2Fv2%2Fmedia&parent=9602"}],"wp:term":[{"taxonomy":"product_cat","embeddable":true,"href":"https:\/\/plastikma.com.br\/index.php?rest_route=%2Fwp%2Fv2%2Fproduct_cat&post=9602"},{"taxonomy":"product_tag","embeddable":true,"href":"https:\/\/plastikma.com.br\/index.php?rest_route=%2Fwp%2Fv2%2Fproduct_tag&post=9602"}],"curies":[{"name":"wp","href":"https:\/\/api.w.org\/{rel}","templated":true}]}}