{"id":9546,"date":"2022-02-21T17:52:49","date_gmt":"2022-02-21T20:52:49","guid":{"rendered":"https:\/\/plastikma.com.br\/?post_type=product&#038;p=9546"},"modified":"2022-02-21T17:52:49","modified_gmt":"2022-02-21T20:52:49","slug":"alcool-gel-antisseptico-para-as-maos-70o-inpm-3","status":"publish","type":"product","link":"https:\/\/plastikma.com.br\/?product=alcool-gel-antisseptico-para-as-maos-70o-inpm-3","title":{"rendered":"\u00c1lcool Gel Antiss\u00e9ptico para as m\u00e3os  70\u00ba INPM"},"content":{"rendered":"<ul>\n<li>900g<\/li>\n<li>Neutro<\/li>\n<li>Com v\u00e1lvula (pump)<\/li>\n<\/ul>\n","protected":false},"excerpt":{"rendered":"<ul>\n<li>Marca: Mega Qu\u00edmica<\/li>\n<\/ul>\n","protected":false},"featured_media":9547,"template":"","meta":[],"product_cat":[188,49],"product_tag":[],"class_list":{"0":"post-9546","1":"product","2":"type-product","3":"status-publish","4":"has-post-thumbnail","6":"product_cat-alcool","7":"product_cat-higiene-e-protecao","10":"instock","11":"shipping-taxable","12":"purchasable","13":"product-type-simple"},"_links":{"self":[{"href":"https:\/\/plastikma.com.br\/index.php?rest_route=\/wp\/v2\/product\/9546","targetHints":{"allow":["GET"]}}],"collection":[{"href":"https:\/\/plastikma.com.br\/index.php?rest_route=\/wp\/v2\/product"}],"about":[{"href":"https:\/\/plastikma.com.br\/index.php?rest_route=\/wp\/v2\/types\/product"}],"wp:featuredmedia":[{"embeddable":true,"href":"https:\/\/plastikma.com.br\/index.php?rest_route=\/wp\/v2\/media\/9547"}],"wp:attachment":[{"href":"https:\/\/plastikma.com.br\/index.php?rest_route=%2Fwp%2Fv2%2Fmedia&parent=9546"}],"wp:term":[{"taxonomy":"product_cat","embeddable":true,"href":"https:\/\/plastikma.com.br\/index.php?rest_route=%2Fwp%2Fv2%2Fproduct_cat&post=9546"},{"taxonomy":"product_tag","embeddable":true,"href":"https:\/\/plastikma.com.br\/index.php?rest_route=%2Fwp%2Fv2%2Fproduct_tag&post=9546"}],"curies":[{"name":"wp","href":"https:\/\/api.w.org\/{rel}","templated":true}]}}