{"id":9511,"date":"2022-02-21T16:58:08","date_gmt":"2022-02-21T19:58:08","guid":{"rendered":"https:\/\/plastikma.com.br\/?post_type=product&#038;p=9511"},"modified":"2022-02-21T16:58:08","modified_gmt":"2022-02-21T19:58:08","slug":"sabonete-asseptgel-antibacteriano","status":"publish","type":"product","link":"https:\/\/plastikma.com.br\/?product=sabonete-asseptgel-antibacteriano","title":{"rendered":"Sabonete Asseptgel Antibacteriano"},"content":{"rendered":"","protected":false},"excerpt":{"rendered":"<ul>\n<li aria-level=\"1\"><b>85g<\/b><\/li>\n<\/ul>\n<ul>\n<li aria-level=\"1\"><b>Start Qu\u00edmica<\/b><\/li>\n<\/ul>\n<ul>\n<li aria-level=\"1\"><b>Dispon\u00edvel em 03 aromas: original, ch\u00e1 verde, Am\u00eandoas.<\/b><\/li>\n<\/ul>\n<p>&nbsp;<\/p>\n","protected":false},"featured_media":9512,"template":"","meta":[],"product_cat":[203],"product_tag":[],"class_list":{"0":"post-9511","1":"product","2":"type-product","3":"status-publish","4":"has-post-thumbnail","6":"product_cat-sabonete-em-barra","9":"instock","10":"shipping-taxable","11":"purchasable","12":"product-type-simple"},"_links":{"self":[{"href":"https:\/\/plastikma.com.br\/index.php?rest_route=\/wp\/v2\/product\/9511","targetHints":{"allow":["GET"]}}],"collection":[{"href":"https:\/\/plastikma.com.br\/index.php?rest_route=\/wp\/v2\/product"}],"about":[{"href":"https:\/\/plastikma.com.br\/index.php?rest_route=\/wp\/v2\/types\/product"}],"wp:featuredmedia":[{"embeddable":true,"href":"https:\/\/plastikma.com.br\/index.php?rest_route=\/wp\/v2\/media\/9512"}],"wp:attachment":[{"href":"https:\/\/plastikma.com.br\/index.php?rest_route=%2Fwp%2Fv2%2Fmedia&parent=9511"}],"wp:term":[{"taxonomy":"product_cat","embeddable":true,"href":"https:\/\/plastikma.com.br\/index.php?rest_route=%2Fwp%2Fv2%2Fproduct_cat&post=9511"},{"taxonomy":"product_tag","embeddable":true,"href":"https:\/\/plastikma.com.br\/index.php?rest_route=%2Fwp%2Fv2%2Fproduct_tag&post=9511"}],"curies":[{"name":"wp","href":"https:\/\/api.w.org\/{rel}","templated":true}]}}