{"id":9372,"date":"2022-01-27T18:16:34","date_gmt":"2022-01-27T21:16:34","guid":{"rendered":"https:\/\/plastikma.com.br\/?post_type=product&#038;p=9372"},"modified":"2022-02-01T16:10:49","modified_gmt":"2022-02-01T19:10:49","slug":"9372","status":"publish","type":"product","link":"https:\/\/plastikma.com.br\/?product=9372","title":{"rendered":"M\u00e1scara de Prote\u00e7\u00e3o PFF2 (S)"},"content":{"rendered":"","protected":false},"excerpt":{"rendered":"<ul>\n<li>Marca: Alklin PRO<\/li>\n<li>Cor: Azul<\/li>\n<li>De cabe\u00e7a<\/li>\n<li>Sem v\u00e1lvula<\/li>\n<\/ul>\n","protected":false},"featured_media":9373,"template":"","meta":[],"product_cat":[49,189],"product_tag":[],"class_list":{"0":"post-9372","1":"product","2":"type-product","3":"status-publish","4":"has-post-thumbnail","6":"product_cat-higiene-e-protecao","7":"product_cat-mascaras-de-protecao","10":"instock","11":"shipping-taxable","12":"purchasable","13":"product-type-simple"},"_links":{"self":[{"href":"https:\/\/plastikma.com.br\/index.php?rest_route=\/wp\/v2\/product\/9372","targetHints":{"allow":["GET"]}}],"collection":[{"href":"https:\/\/plastikma.com.br\/index.php?rest_route=\/wp\/v2\/product"}],"about":[{"href":"https:\/\/plastikma.com.br\/index.php?rest_route=\/wp\/v2\/types\/product"}],"wp:featuredmedia":[{"embeddable":true,"href":"https:\/\/plastikma.com.br\/index.php?rest_route=\/wp\/v2\/media\/9373"}],"wp:attachment":[{"href":"https:\/\/plastikma.com.br\/index.php?rest_route=%2Fwp%2Fv2%2Fmedia&parent=9372"}],"wp:term":[{"taxonomy":"product_cat","embeddable":true,"href":"https:\/\/plastikma.com.br\/index.php?rest_route=%2Fwp%2Fv2%2Fproduct_cat&post=9372"},{"taxonomy":"product_tag","embeddable":true,"href":"https:\/\/plastikma.com.br\/index.php?rest_route=%2Fwp%2Fv2%2Fproduct_tag&post=9372"}],"curies":[{"name":"wp","href":"https:\/\/api.w.org\/{rel}","templated":true}]}}