{"id":9324,"date":"2022-01-25T13:07:37","date_gmt":"2022-01-25T16:07:37","guid":{"rendered":"https:\/\/plastikma.com.br\/?post_type=product&#038;p=9324"},"modified":"2022-01-25T13:07:38","modified_gmt":"2022-01-25T16:07:38","slug":"pano-esfrega-e-seca-para-banheiros","status":"publish","type":"product","link":"https:\/\/plastikma.com.br\/?product=pano-esfrega-e-seca-para-banheiros","title":{"rendered":"Pano Esfrega e Seca para Banheiros"},"content":{"rendered":"","protected":false},"excerpt":{"rendered":"<ul>\n<li aria-level=\"1\"><b>Cor verde<\/b><\/li>\n<\/ul>\n<ul>\n<li aria-level=\"1\"><b><i>Composi\u00e7\u00e3o: 80% Poli\u00e9ster, 20% Poliamida e pigmento.<\/i><\/b><\/li>\n<\/ul>\n<ul>\n<li aria-level=\"1\"><b>Condor | Perfect Pro<\/b><\/li>\n<\/ul>\n<p>&nbsp;<\/p>\n","protected":false},"featured_media":9325,"template":"","meta":[],"product_cat":[30,48],"product_tag":[],"class_list":{"0":"post-9324","1":"product","2":"type-product","3":"status-publish","4":"has-post-thumbnail","6":"product_cat-equipamentos","7":"product_cat-panos","10":"instock","11":"shipping-taxable","12":"purchasable","13":"product-type-simple"},"_links":{"self":[{"href":"https:\/\/plastikma.com.br\/index.php?rest_route=\/wp\/v2\/product\/9324","targetHints":{"allow":["GET"]}}],"collection":[{"href":"https:\/\/plastikma.com.br\/index.php?rest_route=\/wp\/v2\/product"}],"about":[{"href":"https:\/\/plastikma.com.br\/index.php?rest_route=\/wp\/v2\/types\/product"}],"wp:featuredmedia":[{"embeddable":true,"href":"https:\/\/plastikma.com.br\/index.php?rest_route=\/wp\/v2\/media\/9325"}],"wp:attachment":[{"href":"https:\/\/plastikma.com.br\/index.php?rest_route=%2Fwp%2Fv2%2Fmedia&parent=9324"}],"wp:term":[{"taxonomy":"product_cat","embeddable":true,"href":"https:\/\/plastikma.com.br\/index.php?rest_route=%2Fwp%2Fv2%2Fproduct_cat&post=9324"},{"taxonomy":"product_tag","embeddable":true,"href":"https:\/\/plastikma.com.br\/index.php?rest_route=%2Fwp%2Fv2%2Fproduct_tag&post=9324"}],"curies":[{"name":"wp","href":"https:\/\/api.w.org\/{rel}","templated":true}]}}