{"id":9322,"date":"2022-01-25T13:06:21","date_gmt":"2022-01-25T16:06:21","guid":{"rendered":"https:\/\/plastikma.com.br\/?post_type=product&#038;p=9322"},"modified":"2022-01-25T13:06:22","modified_gmt":"2022-01-25T16:06:22","slug":"pano-escorredor-para-louca-love-sensacoes","status":"publish","type":"product","link":"https:\/\/plastikma.com.br\/?product=pano-escorredor-para-louca-love-sensacoes","title":{"rendered":"Pano Escorredor para Lou\u00e7a Love Sensa\u00e7\u00f5es"},"content":{"rendered":"","protected":false},"excerpt":{"rendered":"<ul>\n<li aria-level=\"1\"><b><i>Cor: decorado.<\/i><\/b><\/li>\n<\/ul>\n<ul>\n<li aria-level=\"1\"><b>Composi\u00e7\u00e3o: 100% microfibra<\/b><\/li>\n<\/ul>\n<ul>\n<li aria-level=\"1\"><b>Condor | Perfect Pro<\/b><\/li>\n<\/ul>\n<p>&nbsp;<\/p>\n","protected":false},"featured_media":9323,"template":"","meta":[],"product_cat":[30,48],"product_tag":[],"class_list":{"0":"post-9322","1":"product","2":"type-product","3":"status-publish","4":"has-post-thumbnail","6":"product_cat-equipamentos","7":"product_cat-panos","10":"instock","11":"shipping-taxable","12":"purchasable","13":"product-type-simple"},"_links":{"self":[{"href":"https:\/\/plastikma.com.br\/index.php?rest_route=\/wp\/v2\/product\/9322","targetHints":{"allow":["GET"]}}],"collection":[{"href":"https:\/\/plastikma.com.br\/index.php?rest_route=\/wp\/v2\/product"}],"about":[{"href":"https:\/\/plastikma.com.br\/index.php?rest_route=\/wp\/v2\/types\/product"}],"wp:featuredmedia":[{"embeddable":true,"href":"https:\/\/plastikma.com.br\/index.php?rest_route=\/wp\/v2\/media\/9323"}],"wp:attachment":[{"href":"https:\/\/plastikma.com.br\/index.php?rest_route=%2Fwp%2Fv2%2Fmedia&parent=9322"}],"wp:term":[{"taxonomy":"product_cat","embeddable":true,"href":"https:\/\/plastikma.com.br\/index.php?rest_route=%2Fwp%2Fv2%2Fproduct_cat&post=9322"},{"taxonomy":"product_tag","embeddable":true,"href":"https:\/\/plastikma.com.br\/index.php?rest_route=%2Fwp%2Fv2%2Fproduct_tag&post=9322"}],"curies":[{"name":"wp","href":"https:\/\/api.w.org\/{rel}","templated":true}]}}