{"id":9308,"date":"2022-01-25T12:50:51","date_gmt":"2022-01-25T15:50:51","guid":{"rendered":"https:\/\/plastikma.com.br\/?post_type=product&#038;p=9308"},"modified":"2022-01-25T12:50:51","modified_gmt":"2022-01-25T15:50:51","slug":"mascara-de-protecao-hospitalar-pff2-n95-2","status":"publish","type":"product","link":"https:\/\/plastikma.com.br\/?product=mascara-de-protecao-hospitalar-pff2-n95-2","title":{"rendered":"M\u00c1SCARA DE PROTE\u00c7\u00c3O HOSPITALAR PFF2 \/ N95"},"content":{"rendered":"","protected":false},"excerpt":{"rendered":"<ul>\n<li aria-level=\"1\"><b>SEM V\u00c1LVULA<\/b><\/li>\n<\/ul>\n<ul>\n<li aria-level=\"1\"><b>Rosa<\/b><\/li>\n<\/ul>\n<ul>\n<li aria-level=\"1\"><b>El\u00e1stico na orelha<\/b><\/li>\n<\/ul>\n<ul>\n<li aria-level=\"1\"><b>1 unidade<\/b><\/li>\n<\/ul>\n<ul>\n<li aria-level=\"1\"><b>Life Protect<\/b><\/li>\n<\/ul>\n<p>&nbsp;<\/p>\n","protected":false},"featured_media":9309,"template":"","meta":[],"product_cat":[49,189],"product_tag":[],"class_list":{"0":"post-9308","1":"product","2":"type-product","3":"status-publish","4":"has-post-thumbnail","6":"product_cat-higiene-e-protecao","7":"product_cat-mascaras-de-protecao","10":"instock","11":"shipping-taxable","12":"purchasable","13":"product-type-simple"},"_links":{"self":[{"href":"https:\/\/plastikma.com.br\/index.php?rest_route=\/wp\/v2\/product\/9308","targetHints":{"allow":["GET"]}}],"collection":[{"href":"https:\/\/plastikma.com.br\/index.php?rest_route=\/wp\/v2\/product"}],"about":[{"href":"https:\/\/plastikma.com.br\/index.php?rest_route=\/wp\/v2\/types\/product"}],"wp:featuredmedia":[{"embeddable":true,"href":"https:\/\/plastikma.com.br\/index.php?rest_route=\/wp\/v2\/media\/9309"}],"wp:attachment":[{"href":"https:\/\/plastikma.com.br\/index.php?rest_route=%2Fwp%2Fv2%2Fmedia&parent=9308"}],"wp:term":[{"taxonomy":"product_cat","embeddable":true,"href":"https:\/\/plastikma.com.br\/index.php?rest_route=%2Fwp%2Fv2%2Fproduct_cat&post=9308"},{"taxonomy":"product_tag","embeddable":true,"href":"https:\/\/plastikma.com.br\/index.php?rest_route=%2Fwp%2Fv2%2Fproduct_tag&post=9308"}],"curies":[{"name":"wp","href":"https:\/\/api.w.org\/{rel}","templated":true}]}}