{"id":9284,"date":"2022-01-19T17:20:39","date_gmt":"2022-01-19T20:20:39","guid":{"rendered":"https:\/\/plastikma.com.br\/?post_type=product&#038;p=9284"},"modified":"2022-01-19T17:20:40","modified_gmt":"2022-01-19T20:20:40","slug":"sabonete-only","status":"publish","type":"product","link":"https:\/\/plastikma.com.br\/?product=sabonete-only","title":{"rendered":"Sabonete Only"},"content":{"rendered":"","protected":false},"excerpt":{"rendered":"<ul>\n<li aria-level=\"1\"><b>500ml<\/b><\/li>\n<\/ul>\n<ul>\n<li aria-level=\"1\"><b>Start Qu\u00edmica<\/b><\/li>\n<\/ul>\n<ul>\n<li aria-level=\"1\"><b>Dispon\u00edvel em: erva doce com hortel\u00e3; Flor de Laranjeira; Lavanda, Merengue; Camomila; P\u00eassego<\/b><\/li>\n<\/ul>\n<p>&nbsp;<\/p>\n","protected":false},"featured_media":9285,"template":"","meta":[],"product_cat":[15,194],"product_tag":[],"class_list":{"0":"post-9284","1":"product","2":"type-product","3":"status-publish","4":"has-post-thumbnail","6":"product_cat-sabonete-liquido","7":"product_cat-limpeza-quimicos","10":"instock","11":"shipping-taxable","12":"purchasable","13":"product-type-simple"},"_links":{"self":[{"href":"https:\/\/plastikma.com.br\/index.php?rest_route=\/wp\/v2\/product\/9284","targetHints":{"allow":["GET"]}}],"collection":[{"href":"https:\/\/plastikma.com.br\/index.php?rest_route=\/wp\/v2\/product"}],"about":[{"href":"https:\/\/plastikma.com.br\/index.php?rest_route=\/wp\/v2\/types\/product"}],"wp:featuredmedia":[{"embeddable":true,"href":"https:\/\/plastikma.com.br\/index.php?rest_route=\/wp\/v2\/media\/9285"}],"wp:attachment":[{"href":"https:\/\/plastikma.com.br\/index.php?rest_route=%2Fwp%2Fv2%2Fmedia&parent=9284"}],"wp:term":[{"taxonomy":"product_cat","embeddable":true,"href":"https:\/\/plastikma.com.br\/index.php?rest_route=%2Fwp%2Fv2%2Fproduct_cat&post=9284"},{"taxonomy":"product_tag","embeddable":true,"href":"https:\/\/plastikma.com.br\/index.php?rest_route=%2Fwp%2Fv2%2Fproduct_tag&post=9284"}],"curies":[{"name":"wp","href":"https:\/\/api.w.org\/{rel}","templated":true}]}}