{"id":9276,"date":"2022-01-19T17:16:13","date_gmt":"2022-01-19T20:16:13","guid":{"rendered":"https:\/\/plastikma.com.br\/?post_type=product&#038;p=9276"},"modified":"2022-01-19T17:16:13","modified_gmt":"2022-01-19T20:16:13","slug":"sabonete-linha-flores-e-aromas","status":"publish","type":"product","link":"https:\/\/plastikma.com.br\/?product=sabonete-linha-flores-e-aromas","title":{"rendered":"Sabonete Linha Flores e Aromas"},"content":{"rendered":"","protected":false},"excerpt":{"rendered":"<ul>\n<li aria-level=\"1\"><b>450ml e 1L<\/b><\/li>\n<\/ul>\n<ul>\n<li aria-level=\"1\"><b>Dispon\u00edvel em: A\u00e7a\u00ed e Camomila, Guaran\u00e1 e A\u00e7a\u00ed, Morango e Hibisco, Tangerina e Ch\u00e1 Verde; Alca\u00e7uz e Manga;<\/b><\/li>\n<\/ul>\n<ul>\n<li aria-level=\"1\"><b>Premisse<\/b><\/li>\n<\/ul>\n<p>&nbsp;<\/p>\n","protected":false},"featured_media":9281,"template":"","meta":[],"product_cat":[15,194],"product_tag":[],"class_list":{"0":"post-9276","1":"product","2":"type-product","3":"status-publish","4":"has-post-thumbnail","6":"product_cat-sabonete-liquido","7":"product_cat-limpeza-quimicos","10":"instock","11":"shipping-taxable","12":"purchasable","13":"product-type-simple"},"_links":{"self":[{"href":"https:\/\/plastikma.com.br\/index.php?rest_route=\/wp\/v2\/product\/9276","targetHints":{"allow":["GET"]}}],"collection":[{"href":"https:\/\/plastikma.com.br\/index.php?rest_route=\/wp\/v2\/product"}],"about":[{"href":"https:\/\/plastikma.com.br\/index.php?rest_route=\/wp\/v2\/types\/product"}],"wp:featuredmedia":[{"embeddable":true,"href":"https:\/\/plastikma.com.br\/index.php?rest_route=\/wp\/v2\/media\/9281"}],"wp:attachment":[{"href":"https:\/\/plastikma.com.br\/index.php?rest_route=%2Fwp%2Fv2%2Fmedia&parent=9276"}],"wp:term":[{"taxonomy":"product_cat","embeddable":true,"href":"https:\/\/plastikma.com.br\/index.php?rest_route=%2Fwp%2Fv2%2Fproduct_cat&post=9276"},{"taxonomy":"product_tag","embeddable":true,"href":"https:\/\/plastikma.com.br\/index.php?rest_route=%2Fwp%2Fv2%2Fproduct_tag&post=9276"}],"curies":[{"name":"wp","href":"https:\/\/api.w.org\/{rel}","templated":true}]}}