{"id":716,"date":"2021-12-14T19:51:52","date_gmt":"2021-12-14T22:51:52","guid":{"rendered":"https:\/\/plastikma.com.br\/?post_type=product&#038;p=716"},"modified":"2021-12-14T19:54:17","modified_gmt":"2021-12-14T22:54:17","slug":"desinfector-prevent-desinfetante-de-uso-geral-super-dom","status":"publish","type":"product","link":"https:\/\/plastikma.com.br\/?product=desinfector-prevent-desinfetante-de-uso-geral-super-dom","title":{"rendered":"DESINFECTOR PREVENT &#8211; DESINFETANTE DE USO GERAL SUPER DOM"},"content":{"rendered":"","protected":false},"excerpt":{"rendered":"<ul>\n<li aria-level=\"1\"><b>Marca: Baston \u2013 Dom Line<\/b><\/li>\n<\/ul>\n<ul>\n<li aria-level=\"1\"><b>Desinfetante de uso geral com a\u00e7\u00e3o inibidora de 99,99% das bact\u00e9rias.<\/b><\/li>\n<\/ul>\n<ul>\n<li aria-level=\"1\"><b>300ml<\/b><\/li>\n<\/ul>\n<ul>\n<li aria-level=\"1\"><b>Dispon\u00edvel em: neutro e lavanda<\/b><\/li>\n<\/ul>\n<p>&nbsp;<\/p>\n","protected":false},"featured_media":763,"template":"","meta":[],"product_cat":[49],"product_tag":[],"class_list":{"0":"post-716","1":"product","2":"type-product","3":"status-publish","4":"has-post-thumbnail","6":"product_cat-higiene-e-protecao","9":"instock","10":"shipping-taxable","11":"purchasable","12":"product-type-simple"},"_links":{"self":[{"href":"https:\/\/plastikma.com.br\/index.php?rest_route=\/wp\/v2\/product\/716","targetHints":{"allow":["GET"]}}],"collection":[{"href":"https:\/\/plastikma.com.br\/index.php?rest_route=\/wp\/v2\/product"}],"about":[{"href":"https:\/\/plastikma.com.br\/index.php?rest_route=\/wp\/v2\/types\/product"}],"wp:featuredmedia":[{"embeddable":true,"href":"https:\/\/plastikma.com.br\/index.php?rest_route=\/wp\/v2\/media\/763"}],"wp:attachment":[{"href":"https:\/\/plastikma.com.br\/index.php?rest_route=%2Fwp%2Fv2%2Fmedia&parent=716"}],"wp:term":[{"taxonomy":"product_cat","embeddable":true,"href":"https:\/\/plastikma.com.br\/index.php?rest_route=%2Fwp%2Fv2%2Fproduct_cat&post=716"},{"taxonomy":"product_tag","embeddable":true,"href":"https:\/\/plastikma.com.br\/index.php?rest_route=%2Fwp%2Fv2%2Fproduct_tag&post=716"}],"curies":[{"name":"wp","href":"https:\/\/api.w.org\/{rel}","templated":true}]}}