{"id":715,"date":"2021-12-14T19:51:50","date_gmt":"2021-12-14T22:51:50","guid":{"rendered":"https:\/\/plastikma.com.br\/?post_type=product&#038;p=715"},"modified":"2021-12-16T14:27:37","modified_gmt":"2021-12-16T17:27:37","slug":"alcool-antisseptico-aerossol-para-maos","status":"publish","type":"product","link":"https:\/\/plastikma.com.br\/?product=alcool-antisseptico-aerossol-para-maos","title":{"rendered":"\u00c1lcool Antiss\u00e9ptico aerossol para m\u00e3os"},"content":{"rendered":"","protected":false},"excerpt":{"rendered":"<ul>\n<li aria-level=\"1\"><b>Marca: Baston \u2013 Above<\/b><\/li>\n<\/ul>\n<ul>\n<li aria-level=\"1\"><b>100 ml<\/b><\/li>\n<\/ul>\n<p>&nbsp;<\/p>\n","protected":false},"featured_media":752,"template":"","meta":[],"product_cat":[188,49],"product_tag":[],"class_list":{"0":"post-715","1":"product","2":"type-product","3":"status-publish","4":"has-post-thumbnail","6":"product_cat-alcool","7":"product_cat-higiene-e-protecao","10":"instock","11":"shipping-taxable","12":"purchasable","13":"product-type-simple"},"_links":{"self":[{"href":"https:\/\/plastikma.com.br\/index.php?rest_route=\/wp\/v2\/product\/715","targetHints":{"allow":["GET"]}}],"collection":[{"href":"https:\/\/plastikma.com.br\/index.php?rest_route=\/wp\/v2\/product"}],"about":[{"href":"https:\/\/plastikma.com.br\/index.php?rest_route=\/wp\/v2\/types\/product"}],"wp:featuredmedia":[{"embeddable":true,"href":"https:\/\/plastikma.com.br\/index.php?rest_route=\/wp\/v2\/media\/752"}],"wp:attachment":[{"href":"https:\/\/plastikma.com.br\/index.php?rest_route=%2Fwp%2Fv2%2Fmedia&parent=715"}],"wp:term":[{"taxonomy":"product_cat","embeddable":true,"href":"https:\/\/plastikma.com.br\/index.php?rest_route=%2Fwp%2Fv2%2Fproduct_cat&post=715"},{"taxonomy":"product_tag","embeddable":true,"href":"https:\/\/plastikma.com.br\/index.php?rest_route=%2Fwp%2Fv2%2Fproduct_tag&post=715"}],"curies":[{"name":"wp","href":"https:\/\/api.w.org\/{rel}","templated":true}]}}