{"id":706,"date":"2021-12-14T19:51:21","date_gmt":"2021-12-14T22:51:21","guid":{"rendered":"https:\/\/plastikma.com.br\/?post_type=product&#038;p=706"},"modified":"2021-12-16T14:27:40","modified_gmt":"2021-12-16T17:27:40","slug":"super-dom-alcool-aerossol-70","status":"publish","type":"product","link":"https:\/\/plastikma.com.br\/?product=super-dom-alcool-aerossol-70","title":{"rendered":"Super Dom \u00c1lcool Aerossol 70%"},"content":{"rendered":"","protected":false},"excerpt":{"rendered":"<ul>\n<li aria-level=\"1\"><b>Marca: Baston -Dom Line<\/b><\/li>\n<\/ul>\n<ul>\n<li aria-level=\"1\"><b>Pocket: 100ml e Aerossol: 300ml<\/b><\/li>\n<\/ul>\n<ul>\n<li aria-level=\"1\"><b>Recomendado para superf\u00edcies como vidros, espelhos, azulejos, f\u00f3rmicas, metais e m\u00e1rmore<\/b><\/li>\n<\/ul>\n<p>&nbsp;<\/p>\n","protected":false},"featured_media":751,"template":"","meta":[],"product_cat":[188,49],"product_tag":[],"class_list":{"0":"post-706","1":"product","2":"type-product","3":"status-publish","4":"has-post-thumbnail","6":"product_cat-alcool","7":"product_cat-higiene-e-protecao","10":"instock","11":"shipping-taxable","12":"purchasable","13":"product-type-simple"},"_links":{"self":[{"href":"https:\/\/plastikma.com.br\/index.php?rest_route=\/wp\/v2\/product\/706","targetHints":{"allow":["GET"]}}],"collection":[{"href":"https:\/\/plastikma.com.br\/index.php?rest_route=\/wp\/v2\/product"}],"about":[{"href":"https:\/\/plastikma.com.br\/index.php?rest_route=\/wp\/v2\/types\/product"}],"wp:featuredmedia":[{"embeddable":true,"href":"https:\/\/plastikma.com.br\/index.php?rest_route=\/wp\/v2\/media\/751"}],"wp:attachment":[{"href":"https:\/\/plastikma.com.br\/index.php?rest_route=%2Fwp%2Fv2%2Fmedia&parent=706"}],"wp:term":[{"taxonomy":"product_cat","embeddable":true,"href":"https:\/\/plastikma.com.br\/index.php?rest_route=%2Fwp%2Fv2%2Fproduct_cat&post=706"},{"taxonomy":"product_tag","embeddable":true,"href":"https:\/\/plastikma.com.br\/index.php?rest_route=%2Fwp%2Fv2%2Fproduct_tag&post=706"}],"curies":[{"name":"wp","href":"https:\/\/api.w.org\/{rel}","templated":true}]}}