{"id":705,"date":"2021-12-14T19:51:20","date_gmt":"2021-12-14T22:51:20","guid":{"rendered":"https:\/\/plastikma.com.br\/?post_type=product&#038;p=705"},"modified":"2021-12-16T14:27:42","modified_gmt":"2021-12-16T17:27:42","slug":"alcool-spray-70-antisseptico-para-maos","status":"publish","type":"product","link":"https:\/\/plastikma.com.br\/?product=alcool-spray-70-antisseptico-para-maos","title":{"rendered":"\u00c1lcool Spray 70% antiss\u00e9ptico para m\u00e3os"},"content":{"rendered":"","protected":false},"excerpt":{"rendered":"<ul>\n<li aria-level=\"1\"><b>Marca: MYHEALTH<\/b><\/li>\n<\/ul>\n<ul>\n<li aria-level=\"1\"><b>150ml\/ 120g<\/b><\/li>\n<\/ul>\n<ul>\n<li aria-level=\"1\"><b>Com glicerina e fragr\u00e2ncia suave<\/b><\/li>\n<\/ul>\n<p>&nbsp;<\/p>\n","protected":false},"featured_media":750,"template":"","meta":[],"product_cat":[188,49],"product_tag":[],"class_list":{"0":"post-705","1":"product","2":"type-product","3":"status-publish","4":"has-post-thumbnail","6":"product_cat-alcool","7":"product_cat-higiene-e-protecao","10":"instock","11":"shipping-taxable","12":"purchasable","13":"product-type-simple"},"_links":{"self":[{"href":"https:\/\/plastikma.com.br\/index.php?rest_route=\/wp\/v2\/product\/705","targetHints":{"allow":["GET"]}}],"collection":[{"href":"https:\/\/plastikma.com.br\/index.php?rest_route=\/wp\/v2\/product"}],"about":[{"href":"https:\/\/plastikma.com.br\/index.php?rest_route=\/wp\/v2\/types\/product"}],"wp:featuredmedia":[{"embeddable":true,"href":"https:\/\/plastikma.com.br\/index.php?rest_route=\/wp\/v2\/media\/750"}],"wp:attachment":[{"href":"https:\/\/plastikma.com.br\/index.php?rest_route=%2Fwp%2Fv2%2Fmedia&parent=705"}],"wp:term":[{"taxonomy":"product_cat","embeddable":true,"href":"https:\/\/plastikma.com.br\/index.php?rest_route=%2Fwp%2Fv2%2Fproduct_cat&post=705"},{"taxonomy":"product_tag","embeddable":true,"href":"https:\/\/plastikma.com.br\/index.php?rest_route=%2Fwp%2Fv2%2Fproduct_tag&post=705"}],"curies":[{"name":"wp","href":"https:\/\/api.w.org\/{rel}","templated":true}]}}