{"id":680,"date":"2021-12-14T19:49:54","date_gmt":"2021-12-14T22:49:54","guid":{"rendered":"https:\/\/plastikma.com.br\/?post_type=product&#038;p=680"},"modified":"2021-12-16T14:50:45","modified_gmt":"2021-12-16T17:50:45","slug":"mascara-de-protecao-pff-2-n95-s-valvula","status":"publish","type":"product","link":"https:\/\/plastikma.com.br\/?product=mascara-de-protecao-pff-2-n95-s-valvula","title":{"rendered":"M\u00e1scara de Prote\u00e7\u00e3o PFF-2\/N95 s\/ V\u00e1lvula"},"content":{"rendered":"","protected":false},"excerpt":{"rendered":"<ul>\n<li aria-level=\"1\"><b>Marca: <\/b><b> Sa\u00fade Hospitalar<\/b><\/li>\n<\/ul>\n<ul>\n<li aria-level=\"1\"><b>Caixa com 50 unds.<\/b><\/li>\n<\/ul>\n<ul>\n<li aria-level=\"1\"><b>Cores dispon\u00edveis: branca, amarela, azul e rosa<\/b><\/li>\n<\/ul>\n<p>&nbsp;<\/p>\n","protected":false},"featured_media":728,"template":"","meta":[],"product_cat":[49,189],"product_tag":[],"class_list":{"0":"post-680","1":"product","2":"type-product","3":"status-publish","4":"has-post-thumbnail","6":"product_cat-higiene-e-protecao","7":"product_cat-mascaras-de-protecao","10":"instock","11":"shipping-taxable","12":"purchasable","13":"product-type-simple"},"_links":{"self":[{"href":"https:\/\/plastikma.com.br\/index.php?rest_route=\/wp\/v2\/product\/680","targetHints":{"allow":["GET"]}}],"collection":[{"href":"https:\/\/plastikma.com.br\/index.php?rest_route=\/wp\/v2\/product"}],"about":[{"href":"https:\/\/plastikma.com.br\/index.php?rest_route=\/wp\/v2\/types\/product"}],"wp:featuredmedia":[{"embeddable":true,"href":"https:\/\/plastikma.com.br\/index.php?rest_route=\/wp\/v2\/media\/728"}],"wp:attachment":[{"href":"https:\/\/plastikma.com.br\/index.php?rest_route=%2Fwp%2Fv2%2Fmedia&parent=680"}],"wp:term":[{"taxonomy":"product_cat","embeddable":true,"href":"https:\/\/plastikma.com.br\/index.php?rest_route=%2Fwp%2Fv2%2Fproduct_cat&post=680"},{"taxonomy":"product_tag","embeddable":true,"href":"https:\/\/plastikma.com.br\/index.php?rest_route=%2Fwp%2Fv2%2Fproduct_tag&post=680"}],"curies":[{"name":"wp","href":"https:\/\/api.w.org\/{rel}","templated":true}]}}