{"id":674,"date":"2021-12-14T19:49:23","date_gmt":"2021-12-14T22:49:23","guid":{"rendered":"https:\/\/plastikma.com.br\/?post_type=product&#038;p=674"},"modified":"2021-12-16T14:50:47","modified_gmt":"2021-12-16T17:50:47","slug":"mascara-cirurgica-tripla-descartavel-infantil","status":"publish","type":"product","link":"https:\/\/plastikma.com.br\/?product=mascara-cirurgica-tripla-descartavel-infantil","title":{"rendered":"M\u00e1scara Cir\u00fargica Tripla Descart\u00e1vel Infantil"},"content":{"rendered":"","protected":false},"excerpt":{"rendered":"<ul>\n<li aria-level=\"1\"><b>Marca: Life Protect<\/b><\/li>\n<\/ul>\n<ul>\n<li aria-level=\"1\"><b>Caixa com 20 unds.<\/b><\/li>\n<\/ul>\n<ul>\n<li aria-level=\"1\"><b>Cores dispon\u00edveis: branca, azul e rosa<\/b><\/li>\n<\/ul>\n<p>&nbsp;<\/p>\n","protected":false},"featured_media":727,"template":"","meta":[],"product_cat":[49,189],"product_tag":[],"class_list":{"0":"post-674","1":"product","2":"type-product","3":"status-publish","4":"has-post-thumbnail","6":"product_cat-higiene-e-protecao","7":"product_cat-mascaras-de-protecao","10":"instock","11":"shipping-taxable","12":"purchasable","13":"product-type-simple"},"_links":{"self":[{"href":"https:\/\/plastikma.com.br\/index.php?rest_route=\/wp\/v2\/product\/674","targetHints":{"allow":["GET"]}}],"collection":[{"href":"https:\/\/plastikma.com.br\/index.php?rest_route=\/wp\/v2\/product"}],"about":[{"href":"https:\/\/plastikma.com.br\/index.php?rest_route=\/wp\/v2\/types\/product"}],"wp:featuredmedia":[{"embeddable":true,"href":"https:\/\/plastikma.com.br\/index.php?rest_route=\/wp\/v2\/media\/727"}],"wp:attachment":[{"href":"https:\/\/plastikma.com.br\/index.php?rest_route=%2Fwp%2Fv2%2Fmedia&parent=674"}],"wp:term":[{"taxonomy":"product_cat","embeddable":true,"href":"https:\/\/plastikma.com.br\/index.php?rest_route=%2Fwp%2Fv2%2Fproduct_cat&post=674"},{"taxonomy":"product_tag","embeddable":true,"href":"https:\/\/plastikma.com.br\/index.php?rest_route=%2Fwp%2Fv2%2Fproduct_tag&post=674"}],"curies":[{"name":"wp","href":"https:\/\/api.w.org\/{rel}","templated":true}]}}