{"id":673,"date":"2021-12-14T19:49:20","date_gmt":"2021-12-14T22:49:20","guid":{"rendered":"https:\/\/plastikma.com.br\/?post_type=product&#038;p=673"},"modified":"2021-12-16T14:50:48","modified_gmt":"2021-12-16T17:50:48","slug":"mascara-de-protecao-tripla-com-elastico-2","status":"publish","type":"product","link":"https:\/\/plastikma.com.br\/?product=mascara-de-protecao-tripla-com-elastico-2","title":{"rendered":"M\u00e1scara de prote\u00e7\u00e3o tripla com el\u00e1stico"},"content":{"rendered":"","protected":false},"excerpt":{"rendered":"<ul>\n<li aria-level=\"1\"><b>Marca: Nobre<\/b><\/li>\n<\/ul>\n<ul>\n<li aria-level=\"1\"><b>filtro 99,8% <\/b><\/li>\n<\/ul>\n<ul>\n<li aria-level=\"1\"><b>Caixa com 50 und<\/b><\/li>\n<\/ul>\n<p>&nbsp;<\/p>\n","protected":false},"featured_media":726,"template":"","meta":[],"product_cat":[49,189],"product_tag":[],"class_list":{"0":"post-673","1":"product","2":"type-product","3":"status-publish","4":"has-post-thumbnail","6":"product_cat-higiene-e-protecao","7":"product_cat-mascaras-de-protecao","10":"instock","11":"shipping-taxable","12":"purchasable","13":"product-type-simple"},"_links":{"self":[{"href":"https:\/\/plastikma.com.br\/index.php?rest_route=\/wp\/v2\/product\/673","targetHints":{"allow":["GET"]}}],"collection":[{"href":"https:\/\/plastikma.com.br\/index.php?rest_route=\/wp\/v2\/product"}],"about":[{"href":"https:\/\/plastikma.com.br\/index.php?rest_route=\/wp\/v2\/types\/product"}],"wp:featuredmedia":[{"embeddable":true,"href":"https:\/\/plastikma.com.br\/index.php?rest_route=\/wp\/v2\/media\/726"}],"wp:attachment":[{"href":"https:\/\/plastikma.com.br\/index.php?rest_route=%2Fwp%2Fv2%2Fmedia&parent=673"}],"wp:term":[{"taxonomy":"product_cat","embeddable":true,"href":"https:\/\/plastikma.com.br\/index.php?rest_route=%2Fwp%2Fv2%2Fproduct_cat&post=673"},{"taxonomy":"product_tag","embeddable":true,"href":"https:\/\/plastikma.com.br\/index.php?rest_route=%2Fwp%2Fv2%2Fproduct_tag&post=673"}],"curies":[{"name":"wp","href":"https:\/\/api.w.org\/{rel}","templated":true}]}}