{"id":671,"date":"2021-12-14T19:49:14","date_gmt":"2021-12-14T22:49:14","guid":{"rendered":"https:\/\/plastikma.com.br\/?post_type=product&#038;p=671"},"modified":"2022-01-27T18:54:33","modified_gmt":"2022-01-27T21:54:33","slug":"mascara-cirurgica-tripla-descartavel-2","status":"publish","type":"product","link":"https:\/\/plastikma.com.br\/?product=mascara-cirurgica-tripla-descartavel-2","title":{"rendered":"M\u00e1scara  Cir\u00fargica Tripla Descart\u00e1vel"},"content":{"rendered":"","protected":false},"excerpt":{"rendered":"<ul>\n<li><b>Marca: <\/b><b> Sa\u00fade Hospitalar<\/b><\/li>\n<\/ul>\n<ul>\n<li><b>Caixa com 50 unds.<\/b><\/li>\n<\/ul>\n<ul>\n<li><b>Cores dispon\u00edveis: branca, preta, azul e rosa<\/b><\/li>\n<\/ul>\n<p>&nbsp;<\/p>\n","protected":false},"featured_media":9377,"template":"","meta":[],"product_cat":[49,189],"product_tag":[],"class_list":{"0":"post-671","1":"product","2":"type-product","3":"status-publish","4":"has-post-thumbnail","6":"product_cat-higiene-e-protecao","7":"product_cat-mascaras-de-protecao","10":"instock","11":"shipping-taxable","12":"purchasable","13":"product-type-simple"},"_links":{"self":[{"href":"https:\/\/plastikma.com.br\/index.php?rest_route=\/wp\/v2\/product\/671","targetHints":{"allow":["GET"]}}],"collection":[{"href":"https:\/\/plastikma.com.br\/index.php?rest_route=\/wp\/v2\/product"}],"about":[{"href":"https:\/\/plastikma.com.br\/index.php?rest_route=\/wp\/v2\/types\/product"}],"wp:featuredmedia":[{"embeddable":true,"href":"https:\/\/plastikma.com.br\/index.php?rest_route=\/wp\/v2\/media\/9377"}],"wp:attachment":[{"href":"https:\/\/plastikma.com.br\/index.php?rest_route=%2Fwp%2Fv2%2Fmedia&parent=671"}],"wp:term":[{"taxonomy":"product_cat","embeddable":true,"href":"https:\/\/plastikma.com.br\/index.php?rest_route=%2Fwp%2Fv2%2Fproduct_cat&post=671"},{"taxonomy":"product_tag","embeddable":true,"href":"https:\/\/plastikma.com.br\/index.php?rest_route=%2Fwp%2Fv2%2Fproduct_tag&post=671"}],"curies":[{"name":"wp","href":"https:\/\/api.w.org\/{rel}","templated":true}]}}