{"id":665,"date":"2021-12-14T19:48:46","date_gmt":"2021-12-14T22:48:46","guid":{"rendered":"https:\/\/plastikma.com.br\/?post_type=product&#038;p=665"},"modified":"2021-12-16T14:50:50","modified_gmt":"2021-12-16T17:50:50","slug":"mascara-cirurgica-tripla-descartavel","status":"publish","type":"product","link":"https:\/\/plastikma.com.br\/?product=mascara-cirurgica-tripla-descartavel","title":{"rendered":"M\u00e1scara Cir\u00fargica Tripla Descart\u00e1vel"},"content":{"rendered":"","protected":false},"excerpt":{"rendered":"<ul>\n<li aria-level=\"1\"><b>Marca Nobre | Goedert<\/b><\/li>\n<\/ul>\n<ul>\n<li aria-level=\"1\"><b>100 unds<\/b><\/li>\n<\/ul>\n<p>&nbsp;<\/p>\n","protected":false},"featured_media":724,"template":"","meta":[],"product_cat":[49,189],"product_tag":[],"class_list":{"0":"post-665","1":"product","2":"type-product","3":"status-publish","4":"has-post-thumbnail","6":"product_cat-higiene-e-protecao","7":"product_cat-mascaras-de-protecao","10":"instock","11":"shipping-taxable","12":"purchasable","13":"product-type-simple"},"_links":{"self":[{"href":"https:\/\/plastikma.com.br\/index.php?rest_route=\/wp\/v2\/product\/665","targetHints":{"allow":["GET"]}}],"collection":[{"href":"https:\/\/plastikma.com.br\/index.php?rest_route=\/wp\/v2\/product"}],"about":[{"href":"https:\/\/plastikma.com.br\/index.php?rest_route=\/wp\/v2\/types\/product"}],"wp:featuredmedia":[{"embeddable":true,"href":"https:\/\/plastikma.com.br\/index.php?rest_route=\/wp\/v2\/media\/724"}],"wp:attachment":[{"href":"https:\/\/plastikma.com.br\/index.php?rest_route=%2Fwp%2Fv2%2Fmedia&parent=665"}],"wp:term":[{"taxonomy":"product_cat","embeddable":true,"href":"https:\/\/plastikma.com.br\/index.php?rest_route=%2Fwp%2Fv2%2Fproduct_cat&post=665"},{"taxonomy":"product_tag","embeddable":true,"href":"https:\/\/plastikma.com.br\/index.php?rest_route=%2Fwp%2Fv2%2Fproduct_tag&post=665"}],"curies":[{"name":"wp","href":"https:\/\/api.w.org\/{rel}","templated":true}]}}