{"id":357,"date":"2021-12-14T19:33:17","date_gmt":"2021-12-14T22:33:17","guid":{"rendered":"https:\/\/plastikma.com.br\/?post_type=product&#038;p=357"},"modified":"2021-12-14T19:35:29","modified_gmt":"2021-12-14T22:35:29","slug":"rodo-plastico","status":"publish","type":"product","link":"https:\/\/plastikma.com.br\/?product=rodo-plastico","title":{"rendered":"Rodo Pl\u00e1stico"},"content":{"rendered":"<div class=\"elementor-element elementor-element-3713fc7 elementor-widget elementor-widget-heading\" data-id=\"3713fc7\" data-element_type=\"widget\" data-settings=\"{&quot;navigation&quot;:&quot;both&quot;}\" data-widget_type=\"heading.default\">\n<div class=\"elementor-widget-container\">\n<h5 class=\"elementor-heading-title elementor-size-default\">Ideal para drenar l\u00edquidos, remover sujeira moderada e secagem.<\/h5>\n<\/div>\n<\/div>\n<div class=\"elementor-element elementor-element-370e8a2 elementor-widget elementor-widget-text-editor\" data-id=\"370e8a2\" data-element_type=\"widget\" data-settings=\"{&quot;navigation&quot;:&quot;both&quot;}\" data-widget_type=\"text-editor.default\">\n<div class=\"elementor-widget-container\">\n<p>\u2013 Rodo robusto<br \/>\n\u2013 Feito em polipropileno \u00e9 resistente \u00e0 corros\u00e3o<br \/>\n\u2013 L\u00e2minas duplas de borracha preta permitem maior efici\u00eancia<br \/>\n\u2013 N\u00e3o deixa marcas e nem arranha o piso<br \/>\n\u2013 Ideal para drenar l\u00edquidos, remover sujeira moderada e secagem<br \/>\n\u2013 Comprimento ideal para limpezas de grandes \u00e1reas<\/p>\n<\/div>\n<\/div>\n","protected":false},"excerpt":{"rendered":"<ul>\n<li style=\"font-weight: 400;\" aria-level=\"1\"><span style=\"font-weight: 400;\">Dimens\u00e3o: 35cm \/ 45cm \/ 55cm \/ 65cm<\/span><\/li>\n<li style=\"font-weight: 400;\" aria-level=\"1\"><span style=\"font-weight: 400;\">SuperPro Bettanin<\/span><\/li>\n<\/ul>\n","protected":false},"featured_media":409,"template":"","meta":[],"product_cat":[30,34],"product_tag":[],"class_list":{"0":"post-357","1":"product","2":"type-product","3":"status-publish","4":"has-post-thumbnail","6":"product_cat-equipamentos","7":"product_cat-rodos","10":"instock","11":"shipping-taxable","12":"purchasable","13":"product-type-simple"},"_links":{"self":[{"href":"https:\/\/plastikma.com.br\/index.php?rest_route=\/wp\/v2\/product\/357","targetHints":{"allow":["GET"]}}],"collection":[{"href":"https:\/\/plastikma.com.br\/index.php?rest_route=\/wp\/v2\/product"}],"about":[{"href":"https:\/\/plastikma.com.br\/index.php?rest_route=\/wp\/v2\/types\/product"}],"wp:featuredmedia":[{"embeddable":true,"href":"https:\/\/plastikma.com.br\/index.php?rest_route=\/wp\/v2\/media\/409"}],"wp:attachment":[{"href":"https:\/\/plastikma.com.br\/index.php?rest_route=%2Fwp%2Fv2%2Fmedia&parent=357"}],"wp:term":[{"taxonomy":"product_cat","embeddable":true,"href":"https:\/\/plastikma.com.br\/index.php?rest_route=%2Fwp%2Fv2%2Fproduct_cat&post=357"},{"taxonomy":"product_tag","embeddable":true,"href":"https:\/\/plastikma.com.br\/index.php?rest_route=%2Fwp%2Fv2%2Fproduct_tag&post=357"}],"curies":[{"name":"wp","href":"https:\/\/api.w.org\/{rel}","templated":true}]}}