{"id":324,"date":"2021-12-14T19:31:57","date_gmt":"2021-12-14T22:31:57","guid":{"rendered":"https:\/\/plastikma.com.br\/?post_type=product&#038;p=324"},"modified":"2021-12-14T19:34:15","modified_gmt":"2021-12-14T22:34:15","slug":"rodo-aluminio-natural","status":"publish","type":"product","link":"https:\/\/plastikma.com.br\/?product=rodo-aluminio-natural","title":{"rendered":"Rodo Alum\u00ednio Natural"},"content":{"rendered":"<p>Rodo profissional de alta resist\u00eancia, para uso profissional. Maior robustez; Alum\u00ednio de alta resist\u00eancia; Para cabos com ou sem ponteira; Formato exclusivo; Material leve e extremamente dur\u00e1vel, com borracha de alt\u00edssima qualidade.<\/p>\n","protected":false},"excerpt":{"rendered":"<ul>\n<li aria-level=\"1\"><b>100 cm<\/b><\/li>\n<\/ul>\n<ul>\n<li aria-level=\"1\"><b>Nobre Goedert<\/b><\/li>\n<\/ul>\n<p>&nbsp;<\/p>\n","protected":false},"featured_media":377,"template":"","meta":[],"product_cat":[30,34],"product_tag":[],"class_list":{"0":"post-324","1":"product","2":"type-product","3":"status-publish","4":"has-post-thumbnail","6":"product_cat-equipamentos","7":"product_cat-rodos","10":"instock","11":"shipping-taxable","12":"purchasable","13":"product-type-simple"},"_links":{"self":[{"href":"https:\/\/plastikma.com.br\/index.php?rest_route=\/wp\/v2\/product\/324","targetHints":{"allow":["GET"]}}],"collection":[{"href":"https:\/\/plastikma.com.br\/index.php?rest_route=\/wp\/v2\/product"}],"about":[{"href":"https:\/\/plastikma.com.br\/index.php?rest_route=\/wp\/v2\/types\/product"}],"wp:featuredmedia":[{"embeddable":true,"href":"https:\/\/plastikma.com.br\/index.php?rest_route=\/wp\/v2\/media\/377"}],"wp:attachment":[{"href":"https:\/\/plastikma.com.br\/index.php?rest_route=%2Fwp%2Fv2%2Fmedia&parent=324"}],"wp:term":[{"taxonomy":"product_cat","embeddable":true,"href":"https:\/\/plastikma.com.br\/index.php?rest_route=%2Fwp%2Fv2%2Fproduct_cat&post=324"},{"taxonomy":"product_tag","embeddable":true,"href":"https:\/\/plastikma.com.br\/index.php?rest_route=%2Fwp%2Fv2%2Fproduct_tag&post=324"}],"curies":[{"name":"wp","href":"https:\/\/api.w.org\/{rel}","templated":true}]}}