{"id":297,"date":"2021-12-14T19:31:05","date_gmt":"2021-12-14T22:31:05","guid":{"rendered":"https:\/\/plastikma.com.br\/?post_type=product&#038;p=297"},"modified":"2021-12-14T19:32:49","modified_gmt":"2021-12-14T22:32:49","slug":"brilhus-vassoura-para-rua","status":"publish","type":"product","link":"https:\/\/plastikma.com.br\/?product=brilhus-vassoura-para-rua","title":{"rendered":"Brilhus Vassoura Para Rua"},"content":{"rendered":"<p>A vassoura para rua Brilhus \u00e9 indicada para o uso externo. Com cerdas r\u00edgidas \u00e9 ideal para uma limpeza pesada e dif\u00edcil. O cabo conta com a tecnologia max protech, que a torna mais resistente e duradoura.<\/p>\n<p><strong>Dimens\u00f5es:<\/strong><br \/>\n15,1 x 21,5 x 4 cm<\/p>\n","protected":false},"excerpt":{"rendered":"<ul>\n<li aria-level=\"1\"><b>Dimens\u00f5es: 21,5 x 15,1 x 4cm<\/b><\/li>\n<\/ul>\n<ul>\n<li aria-level=\"1\"><b>Bettanin<\/b><\/li>\n<\/ul>\n<p>&nbsp;<\/p>\n","protected":false},"featured_media":343,"template":"","meta":[],"product_cat":[30,33],"product_tag":[],"class_list":{"0":"post-297","1":"product","2":"type-product","3":"status-publish","4":"has-post-thumbnail","6":"product_cat-equipamentos","7":"product_cat-vassouras","10":"instock","11":"shipping-taxable","12":"purchasable","13":"product-type-simple"},"_links":{"self":[{"href":"https:\/\/plastikma.com.br\/index.php?rest_route=\/wp\/v2\/product\/297","targetHints":{"allow":["GET"]}}],"collection":[{"href":"https:\/\/plastikma.com.br\/index.php?rest_route=\/wp\/v2\/product"}],"about":[{"href":"https:\/\/plastikma.com.br\/index.php?rest_route=\/wp\/v2\/types\/product"}],"wp:featuredmedia":[{"embeddable":true,"href":"https:\/\/plastikma.com.br\/index.php?rest_route=\/wp\/v2\/media\/343"}],"wp:attachment":[{"href":"https:\/\/plastikma.com.br\/index.php?rest_route=%2Fwp%2Fv2%2Fmedia&parent=297"}],"wp:term":[{"taxonomy":"product_cat","embeddable":true,"href":"https:\/\/plastikma.com.br\/index.php?rest_route=%2Fwp%2Fv2%2Fproduct_cat&post=297"},{"taxonomy":"product_tag","embeddable":true,"href":"https:\/\/plastikma.com.br\/index.php?rest_route=%2Fwp%2Fv2%2Fproduct_tag&post=297"}],"curies":[{"name":"wp","href":"https:\/\/api.w.org\/{rel}","templated":true}]}}