{"id":296,"date":"2021-12-14T19:31:03","date_gmt":"2021-12-14T22:31:03","guid":{"rendered":"https:\/\/plastikma.com.br\/?post_type=product&#038;p=296"},"modified":"2021-12-14T19:32:45","modified_gmt":"2021-12-14T22:32:45","slug":"brilhus-vassoura-cantos","status":"publish","type":"product","link":"https:\/\/plastikma.com.br\/?product=brilhus-vassoura-cantos","title":{"rendered":"Brilhus Vassoura Cantos"},"content":{"rendered":"<p>A vassoura cantos Brilhus \u00e9 a solu\u00e7\u00e3o que voc\u00ea precisa para fazer a limpeza completa. Eficiente em todos os locais, possui cerdas densas e chega aos cantos mais dif\u00edceis, limpando com praticidade e rapidez. O cabo conta com a tecnologia max protech, que a torna mais resistente e duradoura.<\/p>\n<p><strong>Dimens\u00f5es:<\/strong><br \/>\n21,5 x 15,1 x 4cm<\/p>\n","protected":false},"excerpt":{"rendered":"<ul>\n<li aria-level=\"1\"><b>Dimens\u00f5es: 21,5 x 15,1 x 4cm<\/b><\/li>\n<\/ul>\n<ul>\n<li aria-level=\"1\"><b>Bettanin<\/b><\/li>\n<\/ul>\n<p>&nbsp;<\/p>\n","protected":false},"featured_media":342,"template":"","meta":[],"product_cat":[30,33],"product_tag":[],"class_list":{"0":"post-296","1":"product","2":"type-product","3":"status-publish","4":"has-post-thumbnail","6":"product_cat-equipamentos","7":"product_cat-vassouras","10":"instock","11":"shipping-taxable","12":"purchasable","13":"product-type-simple"},"_links":{"self":[{"href":"https:\/\/plastikma.com.br\/index.php?rest_route=\/wp\/v2\/product\/296","targetHints":{"allow":["GET"]}}],"collection":[{"href":"https:\/\/plastikma.com.br\/index.php?rest_route=\/wp\/v2\/product"}],"about":[{"href":"https:\/\/plastikma.com.br\/index.php?rest_route=\/wp\/v2\/types\/product"}],"wp:featuredmedia":[{"embeddable":true,"href":"https:\/\/plastikma.com.br\/index.php?rest_route=\/wp\/v2\/media\/342"}],"wp:attachment":[{"href":"https:\/\/plastikma.com.br\/index.php?rest_route=%2Fwp%2Fv2%2Fmedia&parent=296"}],"wp:term":[{"taxonomy":"product_cat","embeddable":true,"href":"https:\/\/plastikma.com.br\/index.php?rest_route=%2Fwp%2Fv2%2Fproduct_cat&post=296"},{"taxonomy":"product_tag","embeddable":true,"href":"https:\/\/plastikma.com.br\/index.php?rest_route=%2Fwp%2Fv2%2Fproduct_tag&post=296"}],"curies":[{"name":"wp","href":"https:\/\/api.w.org\/{rel}","templated":true}]}}