{"id":290,"date":"2021-12-14T19:30:54","date_gmt":"2021-12-14T22:30:54","guid":{"rendered":"https:\/\/plastikma.com.br\/?post_type=product&#038;p=290"},"modified":"2021-12-14T19:32:09","modified_gmt":"2021-12-14T22:32:09","slug":"pulverizador-plastico-2","status":"publish","type":"product","link":"https:\/\/plastikma.com.br\/?product=pulverizador-plastico-2","title":{"rendered":"Pulverizador pl\u00e1stico"},"content":{"rendered":"<p>Pulverizador multiuso, ideal para as suas plantas e para a sua casa. Design ergon\u00f4mico e gatilho r\u00edgido, que facilitam o manuseio. Bico com tr\u00eas fun\u00e7\u00f5es: para modificar o direcionamento da \u00e1gua ou manter fechado. Material de alta qualidade, resistente e com capacidade para 580ml.<\/p>\n<p>\u2022 Pr\u00e1tico e bonito, com op\u00e7\u00f5es de cores.<br \/>\n\u2022 Bico com fun\u00e7\u00f5es: off, spray, jato cont\u00ednuo.<br \/>\n\u2022 Gatilho de alto desempenho: firme e seguro.<\/p>\n","protected":false},"excerpt":{"rendered":"<ul>\n<li aria-level=\"1\"><b>580ml<\/b><\/li>\n<\/ul>\n<ul>\n<li aria-level=\"1\"><b>Sanremo<\/b><\/li>\n<\/ul>\n<ul>\n<li aria-level=\"1\"><b>Azul<\/b><\/li>\n<\/ul>\n<p>&nbsp;<\/p>\n","protected":false},"featured_media":329,"template":"","meta":[],"product_cat":[30,31],"product_tag":[],"class_list":{"0":"post-290","1":"product","2":"type-product","3":"status-publish","4":"has-post-thumbnail","6":"product_cat-equipamentos","7":"product_cat-pulverizadores","10":"instock","11":"shipping-taxable","12":"purchasable","13":"product-type-simple"},"_links":{"self":[{"href":"https:\/\/plastikma.com.br\/index.php?rest_route=\/wp\/v2\/product\/290","targetHints":{"allow":["GET"]}}],"collection":[{"href":"https:\/\/plastikma.com.br\/index.php?rest_route=\/wp\/v2\/product"}],"about":[{"href":"https:\/\/plastikma.com.br\/index.php?rest_route=\/wp\/v2\/types\/product"}],"wp:featuredmedia":[{"embeddable":true,"href":"https:\/\/plastikma.com.br\/index.php?rest_route=\/wp\/v2\/media\/329"}],"wp:attachment":[{"href":"https:\/\/plastikma.com.br\/index.php?rest_route=%2Fwp%2Fv2%2Fmedia&parent=290"}],"wp:term":[{"taxonomy":"product_cat","embeddable":true,"href":"https:\/\/plastikma.com.br\/index.php?rest_route=%2Fwp%2Fv2%2Fproduct_cat&post=290"},{"taxonomy":"product_tag","embeddable":true,"href":"https:\/\/plastikma.com.br\/index.php?rest_route=%2Fwp%2Fv2%2Fproduct_tag&post=290"}],"curies":[{"name":"wp","href":"https:\/\/api.w.org\/{rel}","templated":true}]}}