{"id":283,"date":"2021-12-14T19:30:45","date_gmt":"2021-12-14T22:30:45","guid":{"rendered":"https:\/\/plastikma.com.br\/?post_type=product&#038;p=283"},"modified":"2021-12-14T19:31:27","modified_gmt":"2021-12-14T22:31:27","slug":"pulverizador-spray-continuo","status":"publish","type":"product","link":"https:\/\/plastikma.com.br\/?product=pulverizador-spray-continuo","title":{"rendered":"Pulverizador Spray Cont\u00ednuo"},"content":{"rendered":"<p>O spray cont\u00ednuo \u00e9 um daqueles produtos aliados em v\u00e1rias \u00e1reas da casa, para ajudar na desinfec\u00e7\u00e3o<br \/>\ne limpeza de superf\u00edcies e produtos, umedecer as plantas, limpar o micro-ondas e geladeira, aromatizar<br \/>\nambientes e at\u00e9 na finaliza\u00e7\u00e3o de penteados!<\/p>\n<p>Sua tecnologia permite aplica\u00e7\u00e3o uniforme, n\u00e9voa ultra fina, toque suave e, principalmente, economia<br \/>\ndo conte\u00fado.<\/p>\n<p>Design diferenciado, ergon\u00f4mico e dur\u00e1vel.<\/p>\n<p><strong>INSTRU\u00c7\u00d5ES DE USO<\/strong><br \/>\nPara utilizar, basta abastecer o reservat\u00f3rio com o l\u00edquido que desejar, acionar o gatilho e soltar,<br \/>\naguardando o fim da n\u00e9voa para acionar novamente.<\/p>\n<p><strong>PRECAU\u00c7\u00d5ES <\/strong><br \/>\n<u><strong>Alerta: n\u00e3o indicado para produtos que tenham solventes em sua composi\u00e7\u00e3o, \u00e1gua sanit\u00e1ria e l\u00edquidos com viscosidade como sabonetes, cremes e \u00f3leos.<\/strong><\/u><\/p>\n<p><strong>COMPOSI\u00c7\u00c3O<\/strong><br \/>\nPl\u00e1stico<\/p>\n<p><strong>DIMENS\u00d5ES<\/strong><br \/>\nAltura 28cm<br \/>\nLargura 8cm<br \/>\nProfundidade 5,5cm<br \/>\nPeso 138g<\/p>\n","protected":false},"excerpt":{"rendered":"<ul>\n<li aria-level=\"1\"><b>200ml<\/b><\/li>\n<li aria-level=\"1\"><b>300ml<\/b><\/li>\n<li aria-level=\"1\"><b>500ml<\/b><\/li>\n<li aria-level=\"1\"><b>Goedert\/ Nobre<\/b><\/li>\n<\/ul>\n","protected":false},"featured_media":313,"template":"","meta":[],"product_cat":[30,31],"product_tag":[],"class_list":{"0":"post-283","1":"product","2":"type-product","3":"status-publish","4":"has-post-thumbnail","6":"product_cat-equipamentos","7":"product_cat-pulverizadores","10":"instock","11":"shipping-taxable","12":"purchasable","13":"product-type-simple"},"_links":{"self":[{"href":"https:\/\/plastikma.com.br\/index.php?rest_route=\/wp\/v2\/product\/283","targetHints":{"allow":["GET"]}}],"collection":[{"href":"https:\/\/plastikma.com.br\/index.php?rest_route=\/wp\/v2\/product"}],"about":[{"href":"https:\/\/plastikma.com.br\/index.php?rest_route=\/wp\/v2\/types\/product"}],"wp:featuredmedia":[{"embeddable":true,"href":"https:\/\/plastikma.com.br\/index.php?rest_route=\/wp\/v2\/media\/313"}],"wp:attachment":[{"href":"https:\/\/plastikma.com.br\/index.php?rest_route=%2Fwp%2Fv2%2Fmedia&parent=283"}],"wp:term":[{"taxonomy":"product_cat","embeddable":true,"href":"https:\/\/plastikma.com.br\/index.php?rest_route=%2Fwp%2Fv2%2Fproduct_cat&post=283"},{"taxonomy":"product_tag","embeddable":true,"href":"https:\/\/plastikma.com.br\/index.php?rest_route=%2Fwp%2Fv2%2Fproduct_tag&post=283"}],"curies":[{"name":"wp","href":"https:\/\/api.w.org\/{rel}","templated":true}]}}