{"id":10739,"date":"2023-04-26T11:56:17","date_gmt":"2023-04-26T14:56:17","guid":{"rendered":"https:\/\/plastikma.com.br\/?post_type=product&#038;p=10739"},"modified":"2023-04-26T12:02:03","modified_gmt":"2023-04-26T15:02:03","slug":"aromatizante-de-ambientes-250ml","status":"publish","type":"product","link":"https:\/\/plastikma.com.br\/?product=aromatizante-de-ambientes-250ml","title":{"rendered":"Aromatizante de Ambientes Vegano 250ml"},"content":{"rendered":"<ul>\n<li>Marca: Premisse<\/li>\n<li>Fragr\u00e2ncias: Pimenta Rosa | \u00c1gua de de Coco | Bergamota Citrus | Caf\u00e9 Gourmet | Choco Menta | Lim\u00e3o Siciliano<\/li>\n<\/ul>\n","protected":false},"excerpt":{"rendered":"<ul>\n<li>C\u00f3digos: 12508| 12509| 12510| 12511| 12512| 12513<\/li>\n<\/ul>\n","protected":false},"featured_media":10744,"template":"","meta":[],"product_cat":[207,194],"product_tag":[],"class_list":{"0":"post-10739","1":"product","2":"type-product","3":"status-publish","4":"has-post-thumbnail","6":"product_cat-aromatizante","7":"product_cat-limpeza-quimicos","10":"instock","11":"shipping-taxable","12":"purchasable","13":"product-type-simple"},"_links":{"self":[{"href":"https:\/\/plastikma.com.br\/index.php?rest_route=\/wp\/v2\/product\/10739","targetHints":{"allow":["GET"]}}],"collection":[{"href":"https:\/\/plastikma.com.br\/index.php?rest_route=\/wp\/v2\/product"}],"about":[{"href":"https:\/\/plastikma.com.br\/index.php?rest_route=\/wp\/v2\/types\/product"}],"wp:featuredmedia":[{"embeddable":true,"href":"https:\/\/plastikma.com.br\/index.php?rest_route=\/wp\/v2\/media\/10744"}],"wp:attachment":[{"href":"https:\/\/plastikma.com.br\/index.php?rest_route=%2Fwp%2Fv2%2Fmedia&parent=10739"}],"wp:term":[{"taxonomy":"product_cat","embeddable":true,"href":"https:\/\/plastikma.com.br\/index.php?rest_route=%2Fwp%2Fv2%2Fproduct_cat&post=10739"},{"taxonomy":"product_tag","embeddable":true,"href":"https:\/\/plastikma.com.br\/index.php?rest_route=%2Fwp%2Fv2%2Fproduct_tag&post=10739"}],"curies":[{"name":"wp","href":"https:\/\/api.w.org\/{rel}","templated":true}]}}