{"id":10732,"date":"2023-04-26T11:41:50","date_gmt":"2023-04-26T14:41:50","guid":{"rendered":"https:\/\/plastikma.com.br\/?post_type=product&#038;p=10732"},"modified":"2023-04-26T11:41:50","modified_gmt":"2023-04-26T14:41:50","slug":"sabonete-liquido-vegano-5l","status":"publish","type":"product","link":"https:\/\/plastikma.com.br\/?product=sabonete-liquido-vegano-5l","title":{"rendered":"Sabonete L\u00edquido Vegano 5L"},"content":{"rendered":"<ul>\n<li>Marca: Premisse<\/li>\n<li>Fragr\u00e2ncias: Pimenta Rosa | \u00c1gua de de Coco | Bergamota Citrus | Caf\u00e9 Gourmet | Choco Menta | Lim\u00e3o Siciliano<\/li>\n<li>5 litros<\/li>\n<\/ul>\n","protected":false},"excerpt":{"rendered":"<ul>\n<li>C\u00f3digos: 12496| 12497| 12498| 12499| 12500| 12501<\/li>\n<\/ul>\n","protected":false},"featured_media":10736,"template":"","meta":[],"product_cat":[15,200],"product_tag":[],"class_list":{"0":"post-10732","1":"product","2":"type-product","3":"status-publish","4":"has-post-thumbnail","6":"product_cat-sabonete-liquido","7":"product_cat-sabonetes","10":"instock","11":"shipping-taxable","12":"purchasable","13":"product-type-simple"},"_links":{"self":[{"href":"https:\/\/plastikma.com.br\/index.php?rest_route=\/wp\/v2\/product\/10732","targetHints":{"allow":["GET"]}}],"collection":[{"href":"https:\/\/plastikma.com.br\/index.php?rest_route=\/wp\/v2\/product"}],"about":[{"href":"https:\/\/plastikma.com.br\/index.php?rest_route=\/wp\/v2\/types\/product"}],"wp:featuredmedia":[{"embeddable":true,"href":"https:\/\/plastikma.com.br\/index.php?rest_route=\/wp\/v2\/media\/10736"}],"wp:attachment":[{"href":"https:\/\/plastikma.com.br\/index.php?rest_route=%2Fwp%2Fv2%2Fmedia&parent=10732"}],"wp:term":[{"taxonomy":"product_cat","embeddable":true,"href":"https:\/\/plastikma.com.br\/index.php?rest_route=%2Fwp%2Fv2%2Fproduct_cat&post=10732"},{"taxonomy":"product_tag","embeddable":true,"href":"https:\/\/plastikma.com.br\/index.php?rest_route=%2Fwp%2Fv2%2Fproduct_tag&post=10732"}],"curies":[{"name":"wp","href":"https:\/\/api.w.org\/{rel}","templated":true}]}}