{"id":10615,"date":"2023-03-28T18:14:29","date_gmt":"2023-03-28T21:14:29","guid":{"rendered":"https:\/\/plastikma.com.br\/?post_type=product&#038;p=10615"},"modified":"2023-03-28T18:14:29","modified_gmt":"2023-03-28T21:14:29","slug":"cesta-organizadora-25l","status":"publish","type":"product","link":"https:\/\/plastikma.com.br\/?product=cesta-organizadora-25l","title":{"rendered":"Cesta Organizadora 2,5L"},"content":{"rendered":"<ul>\n<li>Marca: Plasvale<\/li>\n<li>Dimens\u00f5es (CxLxA): 38,3\u00d715,4\u00d75,6 cm<\/li>\n<li>Capacidade: 2,5 L<\/li>\n<li>Cor: Transparente<\/li>\n<\/ul>\n","protected":false},"excerpt":{"rendered":"<ul>\n<li>Ref.: 1580<\/li>\n<li>C\u00f3digo: 10807<\/li>\n<\/ul>\n","protected":false},"featured_media":10616,"template":"","meta":[],"product_cat":[276],"product_tag":[],"class_list":{"0":"post-10615","1":"product","2":"type-product","3":"status-publish","4":"has-post-thumbnail","6":"product_cat-organizacao","9":"instock","10":"shipping-taxable","11":"purchasable","12":"product-type-simple"},"_links":{"self":[{"href":"https:\/\/plastikma.com.br\/index.php?rest_route=\/wp\/v2\/product\/10615","targetHints":{"allow":["GET"]}}],"collection":[{"href":"https:\/\/plastikma.com.br\/index.php?rest_route=\/wp\/v2\/product"}],"about":[{"href":"https:\/\/plastikma.com.br\/index.php?rest_route=\/wp\/v2\/types\/product"}],"wp:featuredmedia":[{"embeddable":true,"href":"https:\/\/plastikma.com.br\/index.php?rest_route=\/wp\/v2\/media\/10616"}],"wp:attachment":[{"href":"https:\/\/plastikma.com.br\/index.php?rest_route=%2Fwp%2Fv2%2Fmedia&parent=10615"}],"wp:term":[{"taxonomy":"product_cat","embeddable":true,"href":"https:\/\/plastikma.com.br\/index.php?rest_route=%2Fwp%2Fv2%2Fproduct_cat&post=10615"},{"taxonomy":"product_tag","embeddable":true,"href":"https:\/\/plastikma.com.br\/index.php?rest_route=%2Fwp%2Fv2%2Fproduct_tag&post=10615"}],"curies":[{"name":"wp","href":"https:\/\/api.w.org\/{rel}","templated":true}]}}