{"id":10546,"date":"2023-03-22T16:55:57","date_gmt":"2023-03-22T19:55:57","guid":{"rendered":"https:\/\/plastikma.com.br\/?post_type=product&#038;p=10546"},"modified":"2023-03-22T16:55:57","modified_gmt":"2023-03-22T19:55:57","slug":"porta-16-capsulas-tres-coracoes","status":"publish","type":"product","link":"https:\/\/plastikma.com.br\/?product=porta-16-capsulas-tres-coracoes","title":{"rendered":"Porta 16 Capsulas Tr\u00eas Cora\u00e7\u00f5es"},"content":{"rendered":"<ul>\n<li>Marca: Paramount<\/li>\n<li>Medidas: Altura: 5,0 cm<br \/>\nComprimento: 25,0 cm<br \/>\nLargura: 25,0 cm<br \/>\nPeso: 703 g<\/li>\n<\/ul>\n","protected":false},"excerpt":{"rendered":"<ul>\n<li>SKU: 1634<\/li>\n<li>C\u00f3digo: 12176<\/li>\n<\/ul>\n","protected":false},"featured_media":10547,"template":"","meta":[],"product_cat":[276],"product_tag":[],"class_list":{"0":"post-10546","1":"product","2":"type-product","3":"status-publish","4":"has-post-thumbnail","6":"product_cat-organizacao","9":"instock","10":"shipping-taxable","11":"purchasable","12":"product-type-simple"},"_links":{"self":[{"href":"https:\/\/plastikma.com.br\/index.php?rest_route=\/wp\/v2\/product\/10546","targetHints":{"allow":["GET"]}}],"collection":[{"href":"https:\/\/plastikma.com.br\/index.php?rest_route=\/wp\/v2\/product"}],"about":[{"href":"https:\/\/plastikma.com.br\/index.php?rest_route=\/wp\/v2\/types\/product"}],"wp:featuredmedia":[{"embeddable":true,"href":"https:\/\/plastikma.com.br\/index.php?rest_route=\/wp\/v2\/media\/10547"}],"wp:attachment":[{"href":"https:\/\/plastikma.com.br\/index.php?rest_route=%2Fwp%2Fv2%2Fmedia&parent=10546"}],"wp:term":[{"taxonomy":"product_cat","embeddable":true,"href":"https:\/\/plastikma.com.br\/index.php?rest_route=%2Fwp%2Fv2%2Fproduct_cat&post=10546"},{"taxonomy":"product_tag","embeddable":true,"href":"https:\/\/plastikma.com.br\/index.php?rest_route=%2Fwp%2Fv2%2Fproduct_tag&post=10546"}],"curies":[{"name":"wp","href":"https:\/\/api.w.org\/{rel}","templated":true}]}}