{"id":10371,"date":"2022-05-12T20:16:12","date_gmt":"2022-05-12T23:16:12","guid":{"rendered":"https:\/\/plastikma.com.br\/?post_type=product&#038;p=10371"},"modified":"2022-05-12T20:16:12","modified_gmt":"2022-05-12T23:16:12","slug":"tela-aromatizante-deo-screen","status":"publish","type":"product","link":"https:\/\/plastikma.com.br\/?product=tela-aromatizante-deo-screen","title":{"rendered":"TELA AROMATIZANTE DEO SCREEN"},"content":{"rendered":"","protected":false},"excerpt":{"rendered":"<h6 class=\"mb-3\">Fragr\u00e2ncias dispon\u00edveis: cereja e tutti fruti<\/h6>\n<p class=\"mb-0\">As telas Deo Screen amenizam odores, deixando um agrad\u00e1vel aroma no ambiente. S\u00e3o desenvolvidas com fragr\u00e2ncias especiais que perfumam por muito tempo.<\/p>\n","protected":false},"featured_media":10374,"template":"","meta":[],"product_cat":[207],"product_tag":[],"class_list":{"0":"post-10371","1":"product","2":"type-product","3":"status-publish","4":"has-post-thumbnail","6":"product_cat-aromatizante","9":"instock","10":"shipping-taxable","11":"purchasable","12":"product-type-simple"},"_links":{"self":[{"href":"https:\/\/plastikma.com.br\/index.php?rest_route=\/wp\/v2\/product\/10371","targetHints":{"allow":["GET"]}}],"collection":[{"href":"https:\/\/plastikma.com.br\/index.php?rest_route=\/wp\/v2\/product"}],"about":[{"href":"https:\/\/plastikma.com.br\/index.php?rest_route=\/wp\/v2\/types\/product"}],"wp:featuredmedia":[{"embeddable":true,"href":"https:\/\/plastikma.com.br\/index.php?rest_route=\/wp\/v2\/media\/10374"}],"wp:attachment":[{"href":"https:\/\/plastikma.com.br\/index.php?rest_route=%2Fwp%2Fv2%2Fmedia&parent=10371"}],"wp:term":[{"taxonomy":"product_cat","embeddable":true,"href":"https:\/\/plastikma.com.br\/index.php?rest_route=%2Fwp%2Fv2%2Fproduct_cat&post=10371"},{"taxonomy":"product_tag","embeddable":true,"href":"https:\/\/plastikma.com.br\/index.php?rest_route=%2Fwp%2Fv2%2Fproduct_tag&post=10371"}],"curies":[{"name":"wp","href":"https:\/\/api.w.org\/{rel}","templated":true}]}}