{"id":10368,"date":"2022-05-12T20:12:11","date_gmt":"2022-05-12T23:12:11","guid":{"rendered":"https:\/\/plastikma.com.br\/?post_type=product&#038;p=10368"},"modified":"2022-05-12T20:12:11","modified_gmt":"2022-05-12T23:12:11","slug":"sabonete-premisse-algas-marinhas-5l","status":"publish","type":"product","link":"https:\/\/plastikma.com.br\/?product=sabonete-premisse-algas-marinhas-5l","title":{"rendered":"SABONETE PREMISSE ALGAS MARINHAS 5L"},"content":{"rendered":"","protected":false},"excerpt":{"rendered":"<p>O <strong>Sabonete Premisse Algas Marinhas<\/strong> apresenta uma formula\u00e7\u00e3o cuidadosamente balanceada, destinada a limpeza das m\u00e3os, do rosto e do corpo, proporcionando maciez e sedosidade. Esse produto n\u00e3o agride a pele, pois possui pH neutro.<\/p>\n","protected":false},"featured_media":10370,"template":"","meta":[],"product_cat":[15],"product_tag":[],"class_list":{"0":"post-10368","1":"product","2":"type-product","3":"status-publish","4":"has-post-thumbnail","6":"product_cat-sabonete-liquido","9":"instock","10":"shipping-taxable","11":"purchasable","12":"product-type-simple"},"_links":{"self":[{"href":"https:\/\/plastikma.com.br\/index.php?rest_route=\/wp\/v2\/product\/10368","targetHints":{"allow":["GET"]}}],"collection":[{"href":"https:\/\/plastikma.com.br\/index.php?rest_route=\/wp\/v2\/product"}],"about":[{"href":"https:\/\/plastikma.com.br\/index.php?rest_route=\/wp\/v2\/types\/product"}],"wp:featuredmedia":[{"embeddable":true,"href":"https:\/\/plastikma.com.br\/index.php?rest_route=\/wp\/v2\/media\/10370"}],"wp:attachment":[{"href":"https:\/\/plastikma.com.br\/index.php?rest_route=%2Fwp%2Fv2%2Fmedia&parent=10368"}],"wp:term":[{"taxonomy":"product_cat","embeddable":true,"href":"https:\/\/plastikma.com.br\/index.php?rest_route=%2Fwp%2Fv2%2Fproduct_cat&post=10368"},{"taxonomy":"product_tag","embeddable":true,"href":"https:\/\/plastikma.com.br\/index.php?rest_route=%2Fwp%2Fv2%2Fproduct_tag&post=10368"}],"curies":[{"name":"wp","href":"https:\/\/api.w.org\/{rel}","templated":true}]}}