{"id":10363,"date":"2022-05-12T20:13:21","date_gmt":"2022-05-12T23:13:21","guid":{"rendered":"https:\/\/plastikma.com.br\/?post_type=product&#038;p=10363"},"modified":"2022-05-12T20:13:22","modified_gmt":"2022-05-12T23:13:22","slug":"sabonete-premisse-segredos-de-romance-5l","status":"publish","type":"product","link":"https:\/\/plastikma.com.br\/?product=sabonete-premisse-segredos-de-romance-5l","title":{"rendered":"SABONETE PREMISSE SEGREDOS DE ROMANCE 5L"},"content":{"rendered":"","protected":false},"excerpt":{"rendered":"<p>O Sabonete Premisse Segredos de Romance apresenta uma formula\u00e7\u00e3o cuidadosamente balanceada, destinada a limpeza das m\u00e3os, do rosto e do corpo, proporcionando maciez e sedosidade. Esse produto n\u00e3o agride a pele, pois possui pH neutro.<\/p>\n","protected":false},"featured_media":10373,"template":"","meta":[],"product_cat":[15],"product_tag":[],"class_list":{"0":"post-10363","1":"product","2":"type-product","3":"status-publish","4":"has-post-thumbnail","6":"product_cat-sabonete-liquido","9":"instock","10":"shipping-taxable","11":"purchasable","12":"product-type-simple"},"_links":{"self":[{"href":"https:\/\/plastikma.com.br\/index.php?rest_route=\/wp\/v2\/product\/10363","targetHints":{"allow":["GET"]}}],"collection":[{"href":"https:\/\/plastikma.com.br\/index.php?rest_route=\/wp\/v2\/product"}],"about":[{"href":"https:\/\/plastikma.com.br\/index.php?rest_route=\/wp\/v2\/types\/product"}],"wp:featuredmedia":[{"embeddable":true,"href":"https:\/\/plastikma.com.br\/index.php?rest_route=\/wp\/v2\/media\/10373"}],"wp:attachment":[{"href":"https:\/\/plastikma.com.br\/index.php?rest_route=%2Fwp%2Fv2%2Fmedia&parent=10363"}],"wp:term":[{"taxonomy":"product_cat","embeddable":true,"href":"https:\/\/plastikma.com.br\/index.php?rest_route=%2Fwp%2Fv2%2Fproduct_cat&post=10363"},{"taxonomy":"product_tag","embeddable":true,"href":"https:\/\/plastikma.com.br\/index.php?rest_route=%2Fwp%2Fv2%2Fproduct_tag&post=10363"}],"curies":[{"name":"wp","href":"https:\/\/api.w.org\/{rel}","templated":true}]}}