{"id":10346,"date":"2022-05-11T16:27:51","date_gmt":"2022-05-11T19:27:51","guid":{"rendered":"https:\/\/plastikma.com.br\/?post_type=product&#038;p=10346"},"modified":"2022-05-11T16:27:52","modified_gmt":"2022-05-11T19:27:52","slug":"sabonete-espuma-requinte-morango-c-champagne-4x5l","status":"publish","type":"product","link":"https:\/\/plastikma.com.br\/?product=sabonete-espuma-requinte-morango-c-champagne-4x5l","title":{"rendered":"SABONETE ESPUMA REQUINTE MORANGO C\/CHAMPAGNE 4X5L"},"content":{"rendered":"","protected":false},"excerpt":{"rendered":"<p>O Sabonete Deoline Morango e Champagne apresenta uma formula\u00e7\u00e3o cuidadosamente balanceada que proporciona maciez e sedosidade \u00e0 pele do corpo todo.<\/p>\n","protected":false},"featured_media":10348,"template":"","meta":[],"product_cat":[15],"product_tag":[],"class_list":{"0":"post-10346","1":"product","2":"type-product","3":"status-publish","4":"has-post-thumbnail","6":"product_cat-sabonete-liquido","9":"instock","10":"shipping-taxable","11":"purchasable","12":"product-type-simple"},"_links":{"self":[{"href":"https:\/\/plastikma.com.br\/index.php?rest_route=\/wp\/v2\/product\/10346","targetHints":{"allow":["GET"]}}],"collection":[{"href":"https:\/\/plastikma.com.br\/index.php?rest_route=\/wp\/v2\/product"}],"about":[{"href":"https:\/\/plastikma.com.br\/index.php?rest_route=\/wp\/v2\/types\/product"}],"wp:featuredmedia":[{"embeddable":true,"href":"https:\/\/plastikma.com.br\/index.php?rest_route=\/wp\/v2\/media\/10348"}],"wp:attachment":[{"href":"https:\/\/plastikma.com.br\/index.php?rest_route=%2Fwp%2Fv2%2Fmedia&parent=10346"}],"wp:term":[{"taxonomy":"product_cat","embeddable":true,"href":"https:\/\/plastikma.com.br\/index.php?rest_route=%2Fwp%2Fv2%2Fproduct_cat&post=10346"},{"taxonomy":"product_tag","embeddable":true,"href":"https:\/\/plastikma.com.br\/index.php?rest_route=%2Fwp%2Fv2%2Fproduct_tag&post=10346"}],"curies":[{"name":"wp","href":"https:\/\/api.w.org\/{rel}","templated":true}]}}