{"id":10341,"date":"2022-05-11T16:11:19","date_gmt":"2022-05-11T19:11:19","guid":{"rendered":"https:\/\/plastikma.com.br\/?post_type=product&#038;p=10341"},"modified":"2022-05-11T16:22:14","modified_gmt":"2022-05-11T19:22:14","slug":"sabonete-triclosan-5-litros","status":"publish","type":"product","link":"https:\/\/plastikma.com.br\/?product=sabonete-triclosan-5-litros","title":{"rendered":"Sabonete Triclosan 5 Litros"},"content":{"rendered":"","protected":false},"excerpt":{"rendered":"<div class=\"shortDescription mb-5\">\n<p class=\"mb-0\">Sabonete Antiss\u00e9ptico Triclosan \u00e9 recomendado para lavagem correta das m\u00e3os, pois possui efic\u00e1cia contra uma ampla faixa de bact\u00e9rias. Foi desenvolvido para ser utilizado por profissionais da sa\u00fade, na manipula\u00e7\u00e3o de alimentos ou onde houver a necessidade de higieniza\u00e7\u00e3o das m\u00e3os.<\/p>\n<\/div>\n","protected":false},"featured_media":10342,"template":"","meta":[],"product_cat":[15],"product_tag":[],"class_list":{"0":"post-10341","1":"product","2":"type-product","3":"status-publish","4":"has-post-thumbnail","6":"product_cat-sabonete-liquido","9":"instock","10":"shipping-taxable","11":"purchasable","12":"product-type-simple"},"_links":{"self":[{"href":"https:\/\/plastikma.com.br\/index.php?rest_route=\/wp\/v2\/product\/10341","targetHints":{"allow":["GET"]}}],"collection":[{"href":"https:\/\/plastikma.com.br\/index.php?rest_route=\/wp\/v2\/product"}],"about":[{"href":"https:\/\/plastikma.com.br\/index.php?rest_route=\/wp\/v2\/types\/product"}],"wp:featuredmedia":[{"embeddable":true,"href":"https:\/\/plastikma.com.br\/index.php?rest_route=\/wp\/v2\/media\/10342"}],"wp:attachment":[{"href":"https:\/\/plastikma.com.br\/index.php?rest_route=%2Fwp%2Fv2%2Fmedia&parent=10341"}],"wp:term":[{"taxonomy":"product_cat","embeddable":true,"href":"https:\/\/plastikma.com.br\/index.php?rest_route=%2Fwp%2Fv2%2Fproduct_cat&post=10341"},{"taxonomy":"product_tag","embeddable":true,"href":"https:\/\/plastikma.com.br\/index.php?rest_route=%2Fwp%2Fv2%2Fproduct_tag&post=10341"}],"curies":[{"name":"wp","href":"https:\/\/api.w.org\/{rel}","templated":true}]}}